{"id":21,"date":"2016-03-07T13:32:04","date_gmt":"2016-03-07T12:32:04","guid":{"rendered":"https:\/\/deanpelic.com\/?page_id=21"},"modified":"2025-10-21T18:15:01","modified_gmt":"2025-10-21T16:15:01","slug":"about","status":"publish","type":"page","link":"https:\/\/deanpelic.com\/hr\/about\/","title":{"rendered":"O Deanu"},"content":{"rendered":"<div class=\"fusion-fullwidth fullwidth-box fusion-builder-row-1 fusion-flex-container nonhundred-percent-fullwidth non-hundred-percent-height-scrolling\" style=\"--awb-border-radius-top-left:0px;--awb-border-radius-top-right:0px;--awb-border-radius-bottom-right:0px;--awb-border-radius-bottom-left:0px;--awb-flex-wrap:wrap;\" ><div class=\"fusion-builder-row fusion-row fusion-flex-align-items-flex-start fusion-flex-content-wrap\" style=\"max-width:1185.6px;margin-left: calc(-4% \/ 2 );margin-right: calc(-4% \/ 2 );\"><div class=\"fusion-layout-column fusion_builder_column fusion-builder-column-0 fusion_builder_column_1_1 1_1 fusion-flex-column\" style=\"--awb-bg-blend:overlay;--awb-bg-size:cover;--awb-width-large:100%;--awb-margin-top-large:0px;--awb-spacing-right-large:1.92%;--awb-margin-bottom-large:0px;--awb-spacing-left-large:1.92%;--awb-width-medium:100%;--awb-spacing-right-medium:1.92%;--awb-spacing-left-medium:1.92%;--awb-width-small:100%;--awb-spacing-right-small:1.92%;--awb-spacing-left-small:1.92%;\"><div class=\"fusion-column-wrapper fusion-flex-justify-content-flex-start fusion-content-layout-column\"><div class=\"fusion-text fusion-text-1\"><p data-start=\"184\" data-end=\"496\">Ro\u0111en u Umagu, ve\u0107 sa \u010detrnaest godina napustio je rodni grad kako bi poha\u0111ao Klasi\u010dnu gimnaziju u Pazinu, a kasnije se preselio u Zagreb gdje je diplomirao Menad\u017ement. Iako se \u0161kolovao za menad\u017ement, marketing i turizam, \u017eivot ga je ubrzo usmjerio prema televiziji, novinarstvu, glumi i \u2013 posve neo\u010dekivano \u2013 manekenstvu.<\/p>\n<p data-start=\"498\" data-end=\"871\">Karijera je zapo\u010dela sasvim slu\u010dajno, kada ga je prijateljica odvela u modnu agenciju. Ubrzo je uslijedilo prvo snimanje, zatim revije, naslovnice i kampanje \u2013 a mediji su ga ubrzo prozvali \u201c<strong>najtra\u017eenijim hrvatskim manekenom<\/strong>\u201d. Radio je za brojne modne brendove u Hrvatskoj i inozemstvu, uklju\u010duju\u0107i Milano i druge europske modne centre.<\/p>\n<p data-start=\"873\" data-end=\"1102\">Uz manekenstvo, oku\u0161ao se i u novinarstvu, vodio emisiju <strong><em data-start=\"928\" data-end=\"938\">TV Bingo<\/em><\/strong> na nacionalnoj televiziji te se pojavio kao ekspert u popularnom TV showu <strong><em data-start=\"1017\" data-end=\"1041\">Brak na prvu<\/em><\/strong>. Unato\u010d svemu, njegova prva ljubav uvijek je bila \u2013 pisanje.<\/p>\n<p data-start=\"1104\" data-end=\"1428\">Krajem 2015. godine objavio je knjigu <strong><em data-start=\"1146\" data-end=\"1174\">Njegova strana pri\u010de: Tebi<\/em><\/strong>, koja je ve\u0107 u pretprodaji postala bestseller, a s vremenom do\u017eivjela vi\u0161e izdanja i prodana je u desecima tisu\u0107a primjeraka. Knjiga je dirnula \u010ditatelje diljem regije, posebice \u017eene, kojima je svojim tekstovima dao novi pogled na ljubav i odnose.<\/p>\n<p data-start=\"1430\" data-end=\"1786\">Godine 2020. objavio je i nastavak, knjigu <strong><em data-start=\"1471\" data-end=\"1477\">Sebi<\/em><\/strong>, koja je nastavila put uspjeha i u\u010dvrstila ga kao jednog od naj\u010ditanijih autora nove generacije. Englesko izdanje prve knjige, <strong><em data-start=\"1644\" data-end=\"1675\">To You: His Side of the Story<\/em><\/strong>, objavljeno je 2021. i dostupno na Amazonu, dok je prijevod <em data-start=\"1752\" data-end=\"1758\">Sebi<\/em> trenutno u pripremi.<\/p>\n<p data-start=\"1788\" data-end=\"1974\">Na dru\u0161tvenim mre\u017eama prati ga <strong>vi\u0161e od pola milijuna ljudi<\/strong>. Dean danas \u017eivi i djeluje u gradovima diljem Europe, stalno putuje, a u pripremi je i njegova tre\u0107a knjiga.<\/p>\n<\/div><\/div><\/div><\/div><\/div>","protected":false},"excerpt":{"rendered":"","protected":false},"author":1,"featured_media":0,"parent":0,"menu_order":0,"comment_status":"closed","ping_status":"closed","template":"","meta":{"footnotes":""},"class_list":["post-21","page","type-page","status-publish","hentry"],"yoast_head":"<!-- This site is optimized with the Yoast SEO plugin v26.2 - https:\/\/yoast.com\/wordpress\/plugins\/seo\/ -->\n<title>About - Dean Pelic<\/title>\n<meta name=\"robots\" content=\"index, follow, max-snippet:-1, max-image-preview:large, max-video-preview:-1\" \/>\n<link rel=\"canonical\" href=\"https:\/\/deanpelic.com\/hr\/about\/\" \/>\n<meta property=\"og:locale\" content=\"hr_HR\" \/>\n<meta property=\"og:type\" content=\"article\" \/>\n<meta property=\"og:title\" content=\"About - Dean Pelic\" \/>\n<meta property=\"og:url\" content=\"https:\/\/deanpelic.com\/hr\/about\/\" \/>\n<meta property=\"og:site_name\" content=\"Dean Pelic\" \/>\n<meta property=\"article:publisher\" content=\"http:\/\/www.facebook.com\/DeanPelic\" \/>\n<meta property=\"article:modified_time\" content=\"2025-10-21T16:15:01+00:00\" \/>\n<meta name=\"twitter:card\" content=\"summary_large_image\" \/>\n<meta name=\"twitter:site\" content=\"@DeanPelic\" \/>\n<meta name=\"twitter:label1\" content=\"Procijenjeno vrijeme \u010ditanja\" \/>\n\t<meta name=\"twitter:data1\" content=\"2 minute\" \/>\n<script type=\"application\/ld+json\" class=\"yoast-schema-graph\">{\"@context\":\"https:\/\/schema.org\",\"@graph\":[{\"@type\":\"WebPage\",\"@id\":\"https:\/\/deanpelic.com\/about\/\",\"url\":\"https:\/\/deanpelic.com\/about\/\",\"name\":\"About - Dean Pelic\",\"isPartOf\":{\"@id\":\"https:\/\/deanpelic.com\/#website\"},\"datePublished\":\"2016-03-07T12:32:04+00:00\",\"dateModified\":\"2025-10-21T16:15:01+00:00\",\"breadcrumb\":{\"@id\":\"https:\/\/deanpelic.com\/about\/#breadcrumb\"},\"inLanguage\":\"hr\",\"potentialAction\":[{\"@type\":\"ReadAction\",\"target\":[\"https:\/\/deanpelic.com\/about\/\"]}]},{\"@type\":\"BreadcrumbList\",\"@id\":\"https:\/\/deanpelic.com\/about\/#breadcrumb\",\"itemListElement\":[{\"@type\":\"ListItem\",\"position\":1,\"name\":\"Home\",\"item\":\"https:\/\/deanpelic.com\/\"},{\"@type\":\"ListItem\",\"position\":2,\"name\":\"About\"}]},{\"@type\":\"WebSite\",\"@id\":\"https:\/\/deanpelic.com\/#website\",\"url\":\"https:\/\/deanpelic.com\/\",\"name\":\"Dean Peli\u0107 - Official Site\",\"description\":\"Official Site\",\"potentialAction\":[{\"@type\":\"SearchAction\",\"target\":{\"@type\":\"EntryPoint\",\"urlTemplate\":\"https:\/\/deanpelic.com\/?s={search_term_string}\"},\"query-input\":{\"@type\":\"PropertyValueSpecification\",\"valueRequired\":true,\"valueName\":\"search_term_string\"}}],\"inLanguage\":\"hr\"}]}<\/script>\n<!-- \/ Yoast SEO plugin. -->","yoast_head_json":{"title":"About - Dean Pelic","robots":{"index":"index","follow":"follow","max-snippet":"max-snippet:-1","max-image-preview":"max-image-preview:large","max-video-preview":"max-video-preview:-1"},"canonical":"https:\/\/deanpelic.com\/hr\/about\/","og_locale":"hr_HR","og_type":"article","og_title":"About - Dean Pelic","og_url":"https:\/\/deanpelic.com\/hr\/about\/","og_site_name":"Dean Pelic","article_publisher":"http:\/\/www.facebook.com\/DeanPelic","article_modified_time":"2025-10-21T16:15:01+00:00","twitter_card":"summary_large_image","twitter_site":"@DeanPelic","twitter_misc":{"Procijenjeno vrijeme \u010ditanja":"2 minute"},"schema":{"@context":"https:\/\/schema.org","@graph":[{"@type":"WebPage","@id":"https:\/\/deanpelic.com\/about\/","url":"https:\/\/deanpelic.com\/about\/","name":"About - Dean Pelic","isPartOf":{"@id":"https:\/\/deanpelic.com\/#website"},"datePublished":"2016-03-07T12:32:04+00:00","dateModified":"2025-10-21T16:15:01+00:00","breadcrumb":{"@id":"https:\/\/deanpelic.com\/about\/#breadcrumb"},"inLanguage":"hr","potentialAction":[{"@type":"ReadAction","target":["https:\/\/deanpelic.com\/about\/"]}]},{"@type":"BreadcrumbList","@id":"https:\/\/deanpelic.com\/about\/#breadcrumb","itemListElement":[{"@type":"ListItem","position":1,"name":"Home","item":"https:\/\/deanpelic.com\/"},{"@type":"ListItem","position":2,"name":"About"}]},{"@type":"WebSite","@id":"https:\/\/deanpelic.com\/#website","url":"https:\/\/deanpelic.com\/","name":"Dean Peli\u0107 - Official Site","description":"Official Site","potentialAction":[{"@type":"SearchAction","target":{"@type":"EntryPoint","urlTemplate":"https:\/\/deanpelic.com\/?s={search_term_string}"},"query-input":{"@type":"PropertyValueSpecification","valueRequired":true,"valueName":"search_term_string"}}],"inLanguage":"hr"}]}},"jetpack_sharing_enabled":true,"_links":{"self":[{"href":"https:\/\/deanpelic.com\/hr\/wp-json\/wp\/v2\/pages\/21","targetHints":{"allow":["GET"]}}],"collection":[{"href":"https:\/\/deanpelic.com\/hr\/wp-json\/wp\/v2\/pages"}],"about":[{"href":"https:\/\/deanpelic.com\/hr\/wp-json\/wp\/v2\/types\/page"}],"author":[{"embeddable":true,"href":"https:\/\/deanpelic.com\/hr\/wp-json\/wp\/v2\/users\/1"}],"replies":[{"embeddable":true,"href":"https:\/\/deanpelic.com\/hr\/wp-json\/wp\/v2\/comments?post=21"}],"version-history":[{"count":22,"href":"https:\/\/deanpelic.com\/hr\/wp-json\/wp\/v2\/pages\/21\/revisions"}],"predecessor-version":[{"id":53162,"href":"https:\/\/deanpelic.com\/hr\/wp-json\/wp\/v2\/pages\/21\/revisions\/53162"}],"wp:attachment":[{"href":"https:\/\/deanpelic.com\/hr\/wp-json\/wp\/v2\/media?parent=21"}],"curies":[{"name":"wp","href":"https:\/\/api.w.org\/{rel}","templated":true}]}}