{"id":22495,"date":"2021-02-05T15:37:02","date_gmt":"2021-02-05T14:37:02","guid":{"rendered":"https:\/\/deanpelic.com\/?page_id=22495"},"modified":"2025-10-21T17:50:30","modified_gmt":"2025-10-21T15:50:30","slug":"coaching","status":"publish","type":"page","link":"https:\/\/deanpelic.com\/hr\/coaching\/","title":{"rendered":"Coaching"},"content":{"rendered":"<p><div class=\"fusion-fullwidth fullwidth-box fusion-builder-row-1 fusion-flex-container nonhundred-percent-fullwidth non-hundred-percent-height-scrolling\" style=\"--awb-border-radius-top-left:0px;--awb-border-radius-top-right:0px;--awb-border-radius-bottom-right:0px;--awb-border-radius-bottom-left:0px;--awb-flex-wrap:wrap;\" ><div class=\"fusion-builder-row fusion-row fusion-flex-align-items-flex-start fusion-flex-content-wrap\" style=\"max-width:1185.6px;margin-left: calc(-4% \/ 2 );margin-right: calc(-4% \/ 2 );\"><div class=\"fusion-layout-column fusion_builder_column fusion-builder-column-0 fusion_builder_column_1_1 1_1 fusion-flex-column\" style=\"--awb-bg-blend:overlay;--awb-bg-size:cover;--awb-width-large:100%;--awb-margin-top-large:0px;--awb-spacing-right-large:1.92%;--awb-margin-bottom-large:0px;--awb-spacing-left-large:1.92%;--awb-width-medium:100%;--awb-spacing-right-medium:1.92%;--awb-spacing-left-medium:1.92%;--awb-width-small:100%;--awb-spacing-right-small:1.92%;--awb-spacing-left-small:1.92%;\"><div class=\"fusion-column-wrapper fusion-flex-justify-content-flex-start fusion-content-layout-column\"><div class=\"fusion-text fusion-text-1\"><p><b>Ako ti ikad zatreba savjet, \u017eeli\u0161 podijeliti svoju pri\u010du ili jednostavno razgovarati \u2013 tu sam.\u2028<\/b><br \/>\nBilo da se radi o \u017eivotu, ljubavi, odnosima, poslu ili ciljevima \u2013 o svim onim svakodnevnim stvarima o kojima ponekad previ\u0161e \u0161utimo \u2013 mo\u017ee\u0161 o njima govoriti naglas sa mnom. Vjerujem da kad pri\u010damo, stvari postaju lak\u0161e. Zato sam ovdje: da slu\u0161am, podr\u017eim i pomognem ti da prona\u0111e\u0161 svoj put naprijed.<\/p>\n<p>Mo\u017eda me zna\u0161 kao autora dvaju hrvatskih bestselera, <strong><em data-start=\"208\" data-end=\"216\">To You<\/em> <\/strong>I <em data-start=\"221\" data-end=\"232\"><strong>Sebi<\/strong> (knjiga Tebi dostupna je i na engleskom jeziku u mojem webshopu) <\/em>mo\u017eda kao jednog od eksperata emisije <em data-start=\"271\" data-end=\"295\">Brak na prvu<\/em>, ili pak s brojnih citata i videa na dru\u0161tvenim mre\u017eama. Danas to svoje iskustvo i znanje dijelim i kroz rad kao certificirani life coach.<\/p>\n<p>No, osim tog slu\u017ebenog dijela \u2013 jednostavno volim ljude. Volim gledati kako rastu, uspijevaju i postaju najbolja verzija sebe. Godinama su mi se ljudi obra\u0107ali za savjet \u2013 naj\u010de\u0161\u0107e o ljubavi, ali i o \u017eivotu i karijeri. Trebalo mi je vremena da shvatim da je mo\u017eda upravo to moj poziv. A danas znam da jest.<\/p>\n<p>Zato ovo shvati kao svoj poziv \u2013 javi se, ako \u017eeli\u0161. Tu sam.<\/p>\n<p>Vi\u0161e informacija o coachingu i planovima mo\u017ee\u0161 prona\u0107i u nastavku.<\/p>\n<p>Dostupno na Engleskom i Hrvatskom.<\/p>\n<\/div><\/div><\/div><\/div><\/div><div class=\"fusion-fullwidth fullwidth-box fusion-builder-row-2 fusion-flex-container has-pattern-background has-mask-background nonhundred-percent-fullwidth non-hundred-percent-height-scrolling\" style=\"--awb-border-radius-top-left:0px;--awb-border-radius-top-right:0px;--awb-border-radius-bottom-right:0px;--awb-border-radius-bottom-left:0px;--awb-flex-wrap:wrap;\" ><div class=\"fusion-builder-row fusion-row fusion-flex-align-items-flex-start fusion-flex-content-wrap\" style=\"max-width:1185.6px;margin-left: calc(-4% \/ 2 );margin-right: calc(-4% \/ 2 );\"><div class=\"fusion-layout-column fusion_builder_column fusion-builder-column-1 fusion_builder_column_1_1 1_1 fusion-flex-column\" style=\"--awb-bg-size:cover;--awb-width-large:100%;--awb-margin-top-large:0px;--awb-spacing-right-large:1.92%;--awb-margin-bottom-large:20px;--awb-spacing-left-large:1.92%;--awb-width-medium:100%;--awb-order-medium:0;--awb-spacing-right-medium:1.92%;--awb-spacing-left-medium:1.92%;--awb-width-small:100%;--awb-order-small:0;--awb-spacing-right-small:1.92%;--awb-spacing-left-small:1.92%;\"><div class=\"fusion-column-wrapper fusion-column-has-shadow fusion-flex-justify-content-flex-start fusion-content-layout-column\"><div class=\"fusion-woo-product-grid fusion-product-archive fusion-woo-product-grid-1\"><ul class=\"products products-3\"><li class=\"product type-product post-52932 status-publish first instock product_cat-coaching product_tag-coaching has-post-thumbnail virtual purchasable product-type-simple product-grid-view\">\n\t<div class=\"fusion-product-wrapper\">\n<a href=\"https:\/\/deanpelic.com\/hr\/proizvod\/talk-with-me-11-1-session\/\" class=\"product-images\" aria-label=\"Talk with me 1:1 &#8211; 1 Session\">\n\n<div class=\"featured-image\">\n\t\t<img decoding=\"async\" width=\"500\" height=\"771\" src=\"https:\/\/deanpelic.com\/wp-content\/uploads\/deanpeliccoaching-500x771.jpg\" class=\"attachment-woocommerce_thumbnail size-woocommerce_thumbnail lazyload wp-post-image\" alt=\"\" srcset=\"data:image\/svg+xml,%3Csvg%20xmlns%3D%27http%3A%2F%2Fwww.w3.org%2F2000%2Fsvg%27%20width%3D%27600%27%20height%3D%27925%27%20viewBox%3D%270%200%20600%20925%27%3E%3Crect%20width%3D%27600%27%20height%3D%27925%27%20fill-opacity%3D%220%22%2F%3E%3C%2Fsvg%3E\" data-orig-src=\"https:\/\/deanpelic.com\/wp-content\/uploads\/deanpeliccoaching-500x771.jpg\" data-srcset=\"https:\/\/deanpelic.com\/wp-content\/uploads\/deanpeliccoaching-8x12.jpg 8w, https:\/\/deanpelic.com\/wp-content\/uploads\/deanpeliccoaching-97x150.jpg 97w, https:\/\/deanpelic.com\/wp-content\/uploads\/deanpeliccoaching-195x300.jpg 195w, https:\/\/deanpelic.com\/wp-content\/uploads\/deanpeliccoaching-200x308.jpg 200w, https:\/\/deanpelic.com\/wp-content\/uploads\/deanpeliccoaching-400x617.jpg 400w, https:\/\/deanpelic.com\/wp-content\/uploads\/deanpeliccoaching-500x771.jpg 500w, https:\/\/deanpelic.com\/wp-content\/uploads\/deanpeliccoaching.jpg 600w\" data-sizes=\"auto\" data-attachment-id=\"53239\" data-permalink=\"https:\/\/deanpelic.com\/hr\/?attachment_id=53239\" data-orig-file=\"https:\/\/deanpelic.com\/wp-content\/uploads\/deanpeliccoaching.jpg\" data-orig-size=\"600,925\" data-comments-opened=\"1\" data-image-meta=\"{&quot;aperture&quot;:&quot;0&quot;,&quot;credit&quot;:&quot;&quot;,&quot;camera&quot;:&quot;&quot;,&quot;caption&quot;:&quot;&quot;,&quot;created_timestamp&quot;:&quot;0&quot;,&quot;copyright&quot;:&quot;&quot;,&quot;focal_length&quot;:&quot;0&quot;,&quot;iso&quot;:&quot;0&quot;,&quot;shutter_speed&quot;:&quot;0&quot;,&quot;title&quot;:&quot;&quot;,&quot;orientation&quot;:&quot;0&quot;}\" data-image-title=\"deanpeliccoaching\" data-image-description=\"\" data-image-caption=\"\" data-medium-file=\"https:\/\/deanpelic.com\/wp-content\/uploads\/deanpeliccoaching-195x300.jpg\" data-large-file=\"https:\/\/deanpelic.com\/wp-content\/uploads\/deanpeliccoaching.jpg\" \/>\n\t\t\t\t\t\t<div class=\"cart-loading\"><i class=\"awb-icon-spinner\" aria-hidden=\"true\"><\/i><\/div>\n\t\t\t<\/div>\n<\/a>\n<div class=\"fusion-product-content\">\n\t<div class=\"product-details\">\n\t\t<div class=\"product-details-container\">\n<h3 class=\"product-title\">\n\t<a href=\"https:\/\/deanpelic.com\/hr\/proizvod\/talk-with-me-11-1-session\/\">\n\t\tRazgovor 1:1 - 1 termin\t<\/a>\n<\/h3>\n<div class=\"fusion-price-rating\">\n\n\t<span class=\"price\"><span class=\"woocommerce-Price-amount amount\"><bdi>150,00&nbsp;<span class=\"woocommerce-Price-currencySymbol\">&euro;<\/span><\/bdi><\/span><\/span>\n\t\t<\/div>\n\t<\/div>\n<\/div>\n\n\n\t<div class=\"product-buttons\">\n\t\t<div class=\"fusion-content-sep sep-single sep-solid\"><\/div>\n\t\t<div class=\"product-buttons-container clearfix\">\n<a href=\"\/hr\/wp-json\/wp\/v2\/pages\/22495?add-to-cart=52932\" aria-describedby=\"woocommerce_loop_add_to_cart_link_describedby_52932\" data-quantity=\"1\" class=\"button product_type_simple add_to_cart_button ajax_add_to_cart\" data-product_id=\"52932\" data-product_sku=\"\" aria-label=\"Dodaj u ko\u0161aricu: &quot;Talk with me 1:1 - 1 Session&quot;\" rel=\"nofollow\">Dodaj u ko\u0161aricu<\/a>\t<span id=\"woocommerce_loop_add_to_cart_link_describedby_52932\" class=\"screen-reader-text\">\n\t\t\t<\/span>\n\n<a href=\"https:\/\/deanpelic.com\/hr\/proizvod\/talk-with-me-11-1-session\/\" class=\"show_details_button\">\n\tDetalji<\/a>\n\n\n\t<\/div>\n\t<\/div>\n\n\t<\/div> <\/div>\n<\/li>\n<li class=\"product type-product post-52933 status-publish instock product_cat-coaching product_tag-coaching has-post-thumbnail virtual purchasable product-type-simple product-grid-view\">\n\t<div class=\"fusion-product-wrapper\">\n<a href=\"https:\/\/deanpelic.com\/hr\/proizvod\/talk-with-me-11-4-sessions\/\" class=\"product-images\" aria-label=\"Talk with me 1:1 &#8211; 4 Sessions\">\n\n<div class=\"featured-image\">\n\t\t<img decoding=\"async\" width=\"500\" height=\"771\" src=\"https:\/\/deanpelic.com\/wp-content\/uploads\/deanpeliccoaching-500x771.jpg\" class=\"attachment-woocommerce_thumbnail size-woocommerce_thumbnail lazyload wp-post-image\" alt=\"\" srcset=\"data:image\/svg+xml,%3Csvg%20xmlns%3D%27http%3A%2F%2Fwww.w3.org%2F2000%2Fsvg%27%20width%3D%27600%27%20height%3D%27925%27%20viewBox%3D%270%200%20600%20925%27%3E%3Crect%20width%3D%27600%27%20height%3D%27925%27%20fill-opacity%3D%220%22%2F%3E%3C%2Fsvg%3E\" data-orig-src=\"https:\/\/deanpelic.com\/wp-content\/uploads\/deanpeliccoaching-500x771.jpg\" data-srcset=\"https:\/\/deanpelic.com\/wp-content\/uploads\/deanpeliccoaching-8x12.jpg 8w, https:\/\/deanpelic.com\/wp-content\/uploads\/deanpeliccoaching-97x150.jpg 97w, https:\/\/deanpelic.com\/wp-content\/uploads\/deanpeliccoaching-195x300.jpg 195w, https:\/\/deanpelic.com\/wp-content\/uploads\/deanpeliccoaching-200x308.jpg 200w, https:\/\/deanpelic.com\/wp-content\/uploads\/deanpeliccoaching-400x617.jpg 400w, https:\/\/deanpelic.com\/wp-content\/uploads\/deanpeliccoaching-500x771.jpg 500w, https:\/\/deanpelic.com\/wp-content\/uploads\/deanpeliccoaching.jpg 600w\" data-sizes=\"auto\" data-attachment-id=\"53239\" data-permalink=\"https:\/\/deanpelic.com\/hr\/?attachment_id=53239\" data-orig-file=\"https:\/\/deanpelic.com\/wp-content\/uploads\/deanpeliccoaching.jpg\" data-orig-size=\"600,925\" data-comments-opened=\"1\" data-image-meta=\"{&quot;aperture&quot;:&quot;0&quot;,&quot;credit&quot;:&quot;&quot;,&quot;camera&quot;:&quot;&quot;,&quot;caption&quot;:&quot;&quot;,&quot;created_timestamp&quot;:&quot;0&quot;,&quot;copyright&quot;:&quot;&quot;,&quot;focal_length&quot;:&quot;0&quot;,&quot;iso&quot;:&quot;0&quot;,&quot;shutter_speed&quot;:&quot;0&quot;,&quot;title&quot;:&quot;&quot;,&quot;orientation&quot;:&quot;0&quot;}\" data-image-title=\"deanpeliccoaching\" data-image-description=\"\" data-image-caption=\"\" data-medium-file=\"https:\/\/deanpelic.com\/wp-content\/uploads\/deanpeliccoaching-195x300.jpg\" data-large-file=\"https:\/\/deanpelic.com\/wp-content\/uploads\/deanpeliccoaching.jpg\" \/>\n\t\t\t\t\t\t<div class=\"cart-loading\"><i class=\"awb-icon-spinner\" aria-hidden=\"true\"><\/i><\/div>\n\t\t\t<\/div>\n<\/a>\n<div class=\"fusion-product-content\">\n\t<div class=\"product-details\">\n\t\t<div class=\"product-details-container\">\n<h3 class=\"product-title\">\n\t<a href=\"https:\/\/deanpelic.com\/hr\/proizvod\/talk-with-me-11-4-sessions\/\">\n\t\tRazgovor 1:1 - 4 termina\t<\/a>\n<\/h3>\n<div class=\"fusion-price-rating\">\n\n\t<span class=\"price\"><span class=\"woocommerce-Price-amount amount\"><bdi>499,00&nbsp;<span class=\"woocommerce-Price-currencySymbol\">&euro;<\/span><\/bdi><\/span><\/span>\n\t\t<\/div>\n\t<\/div>\n<\/div>\n\n\n\t<div class=\"product-buttons\">\n\t\t<div class=\"fusion-content-sep sep-single sep-solid\"><\/div>\n\t\t<div class=\"product-buttons-container clearfix\">\n<a href=\"\/hr\/wp-json\/wp\/v2\/pages\/22495?add-to-cart=52933\" aria-describedby=\"woocommerce_loop_add_to_cart_link_describedby_52933\" data-quantity=\"1\" class=\"button product_type_simple add_to_cart_button ajax_add_to_cart\" data-product_id=\"52933\" data-product_sku=\"\" aria-label=\"Dodaj u ko\u0161aricu: &quot;Talk with me 1:1 - 4 Sessions&quot;\" rel=\"nofollow\">Dodaj u ko\u0161aricu<\/a>\t<span id=\"woocommerce_loop_add_to_cart_link_describedby_52933\" class=\"screen-reader-text\">\n\t\t\t<\/span>\n\n<a href=\"https:\/\/deanpelic.com\/hr\/proizvod\/talk-with-me-11-4-sessions\/\" class=\"show_details_button\">\n\tDetalji<\/a>\n\n\n\t<\/div>\n\t<\/div>\n\n\t<\/div> <\/div>\n<\/li>\n<li class=\"product type-product post-52934 status-publish last instock product_cat-coaching product_tag-coaching has-post-thumbnail virtual purchasable product-type-simple product-grid-view\">\n\t<div class=\"fusion-product-wrapper\">\n<a href=\"https:\/\/deanpelic.com\/hr\/proizvod\/talk-with-me-11-7-sessions\/\" class=\"product-images\" aria-label=\"Talk with me 1:1 &#8211; 7 Sessions\">\n\n<div class=\"featured-image\">\n\t\t<span class=\"acoplw-badge\"><span class=\"acoplw-badge-icon acoplw-bsfifteen acoplwRightAlign acoplwPosTop acoplw-custom-badge-53641\" style=\"opacity:1;width:80px;font-size:14px;line-height:30px;font-weight: 400;height:30px;width:100%;transform:rotateX(0deg) rotateY(0deg) rotateZ(0deg);top:0px;bottom:auto;left:0px;right:0px;background:rgba(97, 7, 177, 1);\"><span class=\"acoplw-blockText\" style=\"color:rgba(255, 255, 255, 1);\">Najbolja vrijednost<\/span><\/span><img decoding=\"async\" width=\"500\" height=\"771\" src=\"https:\/\/deanpelic.com\/wp-content\/uploads\/deanpeliccoaching-500x771.jpg\" class=\"attachment-woocommerce_thumbnail size-woocommerce_thumbnail lazyload wp-post-image\" alt=\"\" srcset=\"data:image\/svg+xml,%3Csvg%20xmlns%3D%27http%3A%2F%2Fwww.w3.org%2F2000%2Fsvg%27%20width%3D%27600%27%20height%3D%27925%27%20viewBox%3D%270%200%20600%20925%27%3E%3Crect%20width%3D%27600%27%20height%3D%27925%27%20fill-opacity%3D%220%22%2F%3E%3C%2Fsvg%3E\" data-orig-src=\"https:\/\/deanpelic.com\/wp-content\/uploads\/deanpeliccoaching-500x771.jpg\" data-srcset=\"https:\/\/deanpelic.com\/wp-content\/uploads\/deanpeliccoaching-8x12.jpg 8w, https:\/\/deanpelic.com\/wp-content\/uploads\/deanpeliccoaching-97x150.jpg 97w, https:\/\/deanpelic.com\/wp-content\/uploads\/deanpeliccoaching-195x300.jpg 195w, https:\/\/deanpelic.com\/wp-content\/uploads\/deanpeliccoaching-200x308.jpg 200w, https:\/\/deanpelic.com\/wp-content\/uploads\/deanpeliccoaching-400x617.jpg 400w, https:\/\/deanpelic.com\/wp-content\/uploads\/deanpeliccoaching-500x771.jpg 500w, https:\/\/deanpelic.com\/wp-content\/uploads\/deanpeliccoaching.jpg 600w\" data-sizes=\"auto\" data-attachment-id=\"53239\" data-permalink=\"https:\/\/deanpelic.com\/hr\/?attachment_id=53239\" data-orig-file=\"https:\/\/deanpelic.com\/wp-content\/uploads\/deanpeliccoaching.jpg\" data-orig-size=\"600,925\" data-comments-opened=\"1\" data-image-meta=\"{&quot;aperture&quot;:&quot;0&quot;,&quot;credit&quot;:&quot;&quot;,&quot;camera&quot;:&quot;&quot;,&quot;caption&quot;:&quot;&quot;,&quot;created_timestamp&quot;:&quot;0&quot;,&quot;copyright&quot;:&quot;&quot;,&quot;focal_length&quot;:&quot;0&quot;,&quot;iso&quot;:&quot;0&quot;,&quot;shutter_speed&quot;:&quot;0&quot;,&quot;title&quot;:&quot;&quot;,&quot;orientation&quot;:&quot;0&quot;}\" data-image-title=\"deanpeliccoaching\" data-image-description=\"\" data-image-caption=\"\" data-medium-file=\"https:\/\/deanpelic.com\/wp-content\/uploads\/deanpeliccoaching-195x300.jpg\" data-large-file=\"https:\/\/deanpelic.com\/wp-content\/uploads\/deanpeliccoaching.jpg\" \/><\/span>\n\t\t\t\t\t\t<div class=\"cart-loading\"><i class=\"awb-icon-spinner\" aria-hidden=\"true\"><\/i><\/div>\n\t\t\t<\/div>\n<\/a>\n<div class=\"fusion-product-content\">\n\t<div class=\"product-details\">\n\t\t<div class=\"product-details-container\">\n<h3 class=\"product-title\">\n\t<a href=\"https:\/\/deanpelic.com\/hr\/proizvod\/talk-with-me-11-7-sessions\/\">\n\t\tRazgovor 1:1 - 7 termina\t<\/a>\n<\/h3>\n<div class=\"fusion-price-rating\">\n\n\t<span class=\"price\"><span class=\"woocommerce-Price-amount amount\"><bdi>799,00&nbsp;<span class=\"woocommerce-Price-currencySymbol\">&euro;<\/span><\/bdi><\/span><\/span>\n\t\t<\/div>\n\t<\/div>\n<\/div>\n\n\n\t<div class=\"product-buttons\">\n\t\t<div class=\"fusion-content-sep sep-single sep-solid\"><\/div>\n\t\t<div class=\"product-buttons-container clearfix\">\n<a href=\"\/hr\/wp-json\/wp\/v2\/pages\/22495?add-to-cart=52934\" aria-describedby=\"woocommerce_loop_add_to_cart_link_describedby_52934\" data-quantity=\"1\" class=\"button product_type_simple add_to_cart_button ajax_add_to_cart\" data-product_id=\"52934\" data-product_sku=\"\" aria-label=\"Dodaj u ko\u0161aricu: &quot;Talk with me 1:1 - 7 Sessions&quot;\" rel=\"nofollow\">Dodaj u ko\u0161aricu<\/a>\t<span id=\"woocommerce_loop_add_to_cart_link_describedby_52934\" class=\"screen-reader-text\">\n\t\t\t<\/span>\n\n<a href=\"https:\/\/deanpelic.com\/hr\/proizvod\/talk-with-me-11-7-sessions\/\" class=\"show_details_button\">\n\tDetalji<\/a>\n\n\n\t<\/div>\n\t<\/div>\n\n\t<\/div> <\/div>\n<\/li>\n<\/ul><div class=\"fusion-woo-product-grid-pagination fusion-clearfix\"><\/div><\/div><\/div><\/div><\/div><\/div><\/p>","protected":false},"excerpt":{"rendered":"","protected":false},"author":1,"featured_media":0,"parent":0,"menu_order":0,"comment_status":"closed","ping_status":"closed","template":"","meta":{"footnotes":""},"class_list":["post-22495","page","type-page","status-publish","hentry"],"yoast_head":"<!-- This site is optimized with the Yoast SEO plugin v26.2 - https:\/\/yoast.com\/wordpress\/plugins\/seo\/ -->\n<title>Coaching - Dean Pelic<\/title>\n<meta name=\"robots\" content=\"index, follow, max-snippet:-1, max-image-preview:large, max-video-preview:-1\" \/>\n<link rel=\"canonical\" href=\"https:\/\/deanpelic.com\/hr\/coaching\/\" \/>\n<meta property=\"og:locale\" content=\"hr_HR\" \/>\n<meta property=\"og:type\" content=\"article\" \/>\n<meta property=\"og:title\" content=\"Coaching - Dean Pelic\" \/>\n<meta property=\"og:url\" content=\"https:\/\/deanpelic.com\/hr\/coaching\/\" \/>\n<meta property=\"og:site_name\" content=\"Dean Pelic\" \/>\n<meta property=\"article:publisher\" content=\"http:\/\/www.facebook.com\/DeanPelic\" \/>\n<meta property=\"article:modified_time\" content=\"2025-10-21T15:50:30+00:00\" \/>\n<meta name=\"twitter:card\" content=\"summary_large_image\" \/>\n<meta name=\"twitter:site\" content=\"@DeanPelic\" \/>\n<meta name=\"twitter:label1\" content=\"Procijenjeno vrijeme \u010ditanja\" \/>\n\t<meta name=\"twitter:data1\" content=\"2 minute\" \/>\n<script type=\"application\/ld+json\" class=\"yoast-schema-graph\">{\"@context\":\"https:\/\/schema.org\",\"@graph\":[{\"@type\":\"WebPage\",\"@id\":\"https:\/\/deanpelic.com\/coaching\/\",\"url\":\"https:\/\/deanpelic.com\/coaching\/\",\"name\":\"Coaching - Dean Pelic\",\"isPartOf\":{\"@id\":\"https:\/\/deanpelic.com\/#website\"},\"datePublished\":\"2021-02-05T14:37:02+00:00\",\"dateModified\":\"2025-10-21T15:50:30+00:00\",\"breadcrumb\":{\"@id\":\"https:\/\/deanpelic.com\/coaching\/#breadcrumb\"},\"inLanguage\":\"hr\",\"potentialAction\":[{\"@type\":\"ReadAction\",\"target\":[\"https:\/\/deanpelic.com\/coaching\/\"]}]},{\"@type\":\"BreadcrumbList\",\"@id\":\"https:\/\/deanpelic.com\/coaching\/#breadcrumb\",\"itemListElement\":[{\"@type\":\"ListItem\",\"position\":1,\"name\":\"Home\",\"item\":\"https:\/\/deanpelic.com\/\"},{\"@type\":\"ListItem\",\"position\":2,\"name\":\"Coaching\"}]},{\"@type\":\"WebSite\",\"@id\":\"https:\/\/deanpelic.com\/#website\",\"url\":\"https:\/\/deanpelic.com\/\",\"name\":\"Dean Peli\u0107 - Official Site\",\"description\":\"Official Site\",\"potentialAction\":[{\"@type\":\"SearchAction\",\"target\":{\"@type\":\"EntryPoint\",\"urlTemplate\":\"https:\/\/deanpelic.com\/?s={search_term_string}\"},\"query-input\":{\"@type\":\"PropertyValueSpecification\",\"valueRequired\":true,\"valueName\":\"search_term_string\"}}],\"inLanguage\":\"hr\"}]}<\/script>\n<!-- \/ Yoast SEO plugin. -->","yoast_head_json":{"title":"Coaching - Dean Pelic","robots":{"index":"index","follow":"follow","max-snippet":"max-snippet:-1","max-image-preview":"max-image-preview:large","max-video-preview":"max-video-preview:-1"},"canonical":"https:\/\/deanpelic.com\/hr\/coaching\/","og_locale":"hr_HR","og_type":"article","og_title":"Coaching - Dean Pelic","og_url":"https:\/\/deanpelic.com\/hr\/coaching\/","og_site_name":"Dean Pelic","article_publisher":"http:\/\/www.facebook.com\/DeanPelic","article_modified_time":"2025-10-21T15:50:30+00:00","twitter_card":"summary_large_image","twitter_site":"@DeanPelic","twitter_misc":{"Procijenjeno vrijeme \u010ditanja":"2 minute"},"schema":{"@context":"https:\/\/schema.org","@graph":[{"@type":"WebPage","@id":"https:\/\/deanpelic.com\/coaching\/","url":"https:\/\/deanpelic.com\/coaching\/","name":"Coaching - Dean Pelic","isPartOf":{"@id":"https:\/\/deanpelic.com\/#website"},"datePublished":"2021-02-05T14:37:02+00:00","dateModified":"2025-10-21T15:50:30+00:00","breadcrumb":{"@id":"https:\/\/deanpelic.com\/coaching\/#breadcrumb"},"inLanguage":"hr","potentialAction":[{"@type":"ReadAction","target":["https:\/\/deanpelic.com\/coaching\/"]}]},{"@type":"BreadcrumbList","@id":"https:\/\/deanpelic.com\/coaching\/#breadcrumb","itemListElement":[{"@type":"ListItem","position":1,"name":"Home","item":"https:\/\/deanpelic.com\/"},{"@type":"ListItem","position":2,"name":"Coaching"}]},{"@type":"WebSite","@id":"https:\/\/deanpelic.com\/#website","url":"https:\/\/deanpelic.com\/","name":"Dean Peli\u0107 - Official Site","description":"Official Site","potentialAction":[{"@type":"SearchAction","target":{"@type":"EntryPoint","urlTemplate":"https:\/\/deanpelic.com\/?s={search_term_string}"},"query-input":{"@type":"PropertyValueSpecification","valueRequired":true,"valueName":"search_term_string"}}],"inLanguage":"hr"}]}},"jetpack_sharing_enabled":true,"_links":{"self":[{"href":"https:\/\/deanpelic.com\/hr\/wp-json\/wp\/v2\/pages\/22495","targetHints":{"allow":["GET"]}}],"collection":[{"href":"https:\/\/deanpelic.com\/hr\/wp-json\/wp\/v2\/pages"}],"about":[{"href":"https:\/\/deanpelic.com\/hr\/wp-json\/wp\/v2\/types\/page"}],"author":[{"embeddable":true,"href":"https:\/\/deanpelic.com\/hr\/wp-json\/wp\/v2\/users\/1"}],"replies":[{"embeddable":true,"href":"https:\/\/deanpelic.com\/hr\/wp-json\/wp\/v2\/comments?post=22495"}],"version-history":[{"count":18,"href":"https:\/\/deanpelic.com\/hr\/wp-json\/wp\/v2\/pages\/22495\/revisions"}],"predecessor-version":[{"id":25560,"href":"https:\/\/deanpelic.com\/hr\/wp-json\/wp\/v2\/pages\/22495\/revisions\/25560"}],"wp:attachment":[{"href":"https:\/\/deanpelic.com\/hr\/wp-json\/wp\/v2\/media?parent=22495"}],"curies":[{"name":"wp","href":"https:\/\/api.w.org\/{rel}","templated":true}]}}