{"id":52973,"date":"2025-08-20T14:46:29","date_gmt":"2025-08-20T12:46:29","guid":{"rendered":"https:\/\/deanpelic.com\/?page_id=52973"},"modified":"2026-04-07T16:21:13","modified_gmt":"2026-04-07T14:21:13","slug":"coaching-uvjeti-i-odredbe","status":"publish","type":"page","link":"https:\/\/deanpelic.com\/hr\/coaching-uvjeti-i-odredbe\/","title":{"rendered":"Coaching &#8211; Uvjeti i odredbe"},"content":{"rendered":"<p><b>Uvjeti i odredbe za usluge Coachinga &#8220;Razgovor 1:1&#8221;<\/b><\/p>\n<p><b>Datum stupanja na snagu: 20.08.2025.<\/b><\/p>\n<p><b>Zadnje a\u017euriranje: 07.4.2026.<\/b><\/p>\n<p>Hvala vam \u0161to ste odabrali usluge \u017eivotnog coachinga s <b>Deanom Peli\u0107em, DE:VERSU<\/b> (\u201eTrener\u201c, \u201eja\u201c, \u201emene\u201c ili \u201emoj\u201c). Rezervacijom sesije ili paketa, vi (\u201eKlijent\u201c ili \u201evi\u201c) prihva\u0107ate sljede\u0107e Uvjete i odredbe, uklju\u010duju\u0107i Pravila o nepovratu novca.<\/p>\n<p><b>1. Pru\u017eene usluge<\/b><\/p>\n<p>Pru\u017eam <b>online<\/b> life coaching putem Google Meeta, s fokusom na samosvijest, postizanje ciljeva i osobni razvoj. Coaching se mo\u017ee baviti osobnim problemima, jasno\u0107om karijere, \u017eivotnim navikama ili blokadama u na\u010dinu razmi\u0161ljanja.<\/p>\n<p>Coaching nije terapija, medicinski savjet ili zamjena za lije\u010denje mentalnog zdravlja.<\/p>\n<p>Osim toga, coaching mo\u017ee uklju\u010divati razja\u0161njenje vrijednosti, istra\u017eivanje osobnih izazova, promi\u0161ljanje o te\u0161kim emocijama ili temama te postavljanje osna\u017euju\u0107ih zahtjeva ili prijedloga. Coaching odnos je suradni\u010dki i koaktivan; iako ja mogu pomo\u0107i u olak\u0161avanju jasno\u0107e i usmjeravanja, va\u0161a je odgovornost provesti promjene.<\/p>\n<p>Ako smatrate da coaching ne funkcionira kako biste \u017eeljeli, sla\u017eete se da \u0107ete to odmah priop\u0107iti kako bismo mogli ponovno razmotriti va\u0161e ciljeve ili prilagoditi pristup coachingu u skladu s tim.<\/p>\n<p><b>2. Prihvatljivost i potvrda klijenta<\/b><\/p>\n<p>Morate imati najmanje 18 godina da biste koristili usluge.<\/p>\n<p>Potvr\u0111ujete i sla\u017eete se:<\/p>\n<ul>\n<li>Da coaching nije zamjena za profesionalnu skrb za mentalno zdravlje ili medicinski tretman i nije namijenjen dijagnosticiranju, lije\u010denju ili izlje\u010denju bilo kakvih mentalnih ili medicinskih stanja.<\/li>\n<li>Da ne djelujem kao medicinski stru\u010dnjak, psiholog, psihoterapeut ili licencirani savjetnik.<\/li>\n<li>Da je coaching trenutno neregulirana industrija, a ja nemam licencu nijednog hrvatskog ili me\u0111unarodnog regulatornog tijela, iako se sesije mogu odr\u017eavati online diljem svijeta.<\/li>\n<li>Da ste u potpunosti odgovorni za vlastito fizi\u010dko, mentalno i emocionalno blagostanje tijekom i nakon sesija, uklju\u010duju\u0107i svoje odluke i rezultate.<\/li>\n<\/ul>\n<p>Tako\u0111er se sla\u017eete otkriti sve prethodne ili trenutne psiholo\u0161ke ili psihijatrijske tretmane na po\u010detku na\u0161eg coaching odnosa. Ako se tijekom coachinga pojave problemi s mentalnim zdravljem, sla\u017eete se da \u0107ete me obavijestiti, a ja mogu predlo\u017eiti odgovaraju\u0107u uputnicu.<\/p>\n<p><b>3. Rezervacija i pla\u0107anje<\/b><\/p>\n<ul>\n<li>Seanse je potrebno rezervirati i platiti unaprijed.<\/li>\n<li>Nijedna sesija nije potvr\u0111ena bez pune uplate.<\/li>\n<li>Coaching odnos po\u010dinje s datumom va\u0161e prve pla\u0107ene sesije.<\/li>\n<li>Pla\u0107anja se vr\u0161e putem za to predvi\u0111ene online platforme.<\/li>\n<\/ul>\n<p><b>4. Pravila o nepovratu novca i otkazivanju rezervacija<\/b><\/p>\n<ul>\n<li><b>Sve uplate su kona\u010dne i nepovratne.<\/b><\/li>\n<li>Mo\u017eete promijeniti termin sesije uz prethodnu obavijest od <b>najmanje 48 sati<\/b>, ovisno o raspolo\u017eivosti.<\/li>\n<li>Otkazivanje unutar 48 sati ili nedolazak rezultirat \u0107e gubitkom te sesije.<\/li>\n<li>Povrat novca bit \u0107e uzet u obzir samo ako otka\u017eem termin i ne mogu ga ponovno zakazati.<\/li>\n<\/ul>\n<p><b>5. Format i to\u010dnost sesije<\/b><\/p>\n<ul>\n<li><b><\/b>Sesije se odr\u017eavaju <b>online putem Google Meeta<\/b>. Privatna poveznica bit \u0107e dostupna nakon rezervacije.<\/li>\n<li><b><\/b>Svaka sesija traje <b>60 minuta.<\/b><\/li>\n<li><b><\/b>Kasni dolasci ne\u0107e produ\u017eiti vrijeme sesije. Nema povrata novca za izgubljeno vrijeme.<\/li>\n<li><b><\/b>Snimanje sesija je strogo zabranjeno bilo kojoj strani, osim ako se druga\u010dije ne dogovori u pisanom obliku.<\/li>\n<\/ul>\n<p><b>6. Odgovornosti klijenta<\/b><\/p>\n<p>O\u010dekuje se da \u0107ete:<\/p>\n<ul>\n<li>Budite prisutni, anga\u017eirani i otvoreni tijekom coaching sesija.<\/li>\n<li>Preuzmite odgovornost za vlastiti razvoj i akcijske korake.<\/li>\n<li>Obavijestite me o svim nedoumicama kako bismo mogli prilagoditi pristup treniranju ako je potrebno.<\/li>\n<\/ul>\n<p><b>7. Odricanje od odgovornosti i ograni\u010denje odgovornosti<\/b><\/p>\n<ul>\n<li>Rezultati treniranja nisu zajam\u010deni.<\/li>\n<li>Sla\u017eete se da nisam odgovoran za bilo kakav gubitak, odluku ili ishod koji proizlazi iz va\u0161eg trenerskog iskustva.<\/li>\n<li>Moja ukupna odgovornost ne\u0107e prema\u0161iti iznos koji ste platili za ve\u0107 pru\u017eene usluge coachinga.<\/li>\n<\/ul>\n<p>Potvr\u0111ujete da coaching mo\u017ee uklju\u010divati istra\u017eivanje osobnih uvjerenja, misli ili iskustava koja bi mogla izazvati emocionalnu nelagodu ili psiholo\u0161ku nevolju. Prihva\u0107ate odgovornost za upravljanje svojim emocionalnim reakcijama, prihva\u0107ate da je to dio procesa rasta i sla\u017eete se potra\u017eiti dodatnu stru\u010dnu podr\u0161ku ako je potrebno.<\/p>\n<p><b>8. Povjerljivost i rizici online platforme<\/b><\/p>\n<ul>\n<li>Sve informacije podijeljene tijekom sesija coachinga tretiraju se kao povjerljive osim ako:\n<ul>\n<li style=\"list-style-type: none;\">\n<ul>\n<li style=\"list-style-type: none;\">\n<ul>\n<li>Zakon zahtijeva otkrivanje (npr. sumnja na zlostavljanje djeteta, prijetnja nano\u0161enjem ozljeda sebi ili drugima) ili<\/li>\n<li>Dajete pisanu suglasnost za dijeljenje odre\u0111enih informacija.<\/li>\n<\/ul>\n<\/li>\n<\/ul>\n<\/li>\n<\/ul>\n<\/li>\n<li>Razumijete i prihva\u0107ate inherentne rizike online komunikacije.<\/li>\n<li>Odgovorni ste za osiguranje mirne i privatne atmosfere tijekom sesija.<\/li>\n<li>Komunikacija putem e-po\u0161te, telefona ili Google Meeta mo\u017eda nije uvijek sigurna i prihva\u0107ate te rizike.<\/li>\n<\/ul>\n<p><b>9. Intelektualno vlasni\u0161tvo<\/b><\/p>\n<ul>\n<li>Svi alati, radni listovi ili resursi podijeljeni tijekom sesija namijenjeni su <b>samo za va\u0161u osobnu upotrebu<\/b>.<\/li>\n<li>Ne smiju se reproducirati, kopirati, distribuirati ili objavljivati bez pismenog dopu\u0161tenja.<\/li>\n<\/ul>\n<p><b>10. Prekid usluga<\/b><\/p>\n<ul>\n<li>Svaka stranka mo\u017ee prekinuti coaching odnos u bilo kojem trenutku pisanom obavijesti.<\/li>\n<li>Ako prekinem odnos, obavijestit \u0107u vas u razumnom roku i razgovarati o svim preostalim sesijama.<\/li>\n<li>Povrat novca za neiskori\u0161tene sesije nije mogu\u0107, osim ako raskid ne iniciram ja.<\/li>\n<\/ul>\n<p>Razumijete da <b>raskid ugovora mo\u017ee biti potreban<\/b> u rijetkim slu\u010dajevima, uklju\u010duju\u0107i nepo\u0161tovanje, kr\u0161enje granica ili nepredvi\u0111ene okolnosti.<\/p>\n<p><b>11. Dobrovoljno sudjelovanje i autonomija<\/b><\/p>\n<p>Potvr\u0111ujete da je va\u0161e sudjelovanje u coachingu u potpunosti dobrovoljno i da imate autonomiju prihvatiti ili odbiti bilo koje smjernice pru\u017eene tijekom sesija. Poti\u010demo vas da postavljate pitanja i razja\u0161njavate sve nedoumice prije, tijekom ili nakon coaching sesija.<\/p>\n<p><b>12. Odricanje od odgovornosti za usluge tre\u0107ih strana<\/b><\/p>\n<p>Tijekom coachinga mogu preporu\u010diti vanjske resurse ili usluge. Potvr\u0111ujete da ne jam\u010dim niti preuzimam odgovornost za bilo koje usluge tre\u0107ih strana, web stranice ili pojedince na koje se referiram. Kori\u0161tenje takvih usluga je na vlastitu diskreciju i rizik.<\/p>\n<p><b>13. Mjerodavno pravo i rje\u0161avanje sporova<\/b><\/p>\n<p>Ovi Uvjeti podlije\u017eu zakonima <b>Republike Hrvatske.<\/b> U slu\u010daju spora:<\/p>\n<ul>\n<li>Obje strane se sla\u017eu da \u0107e prvo poku\u0161ati rije\u0161iti problem putem razgovora u dobroj vjeri ili posredovanja.<\/li>\n<li>Ako se spor ne rije\u0161i, mo\u017ee se pokrenuti pravni postupak, a stranka koja uspije u sporu ima pravo na naknadu razumnih pravnih tro\u0161kova i naknada za njih.<\/li>\n<\/ul>\n<p><b>14. Cjelokupni ugovor, izmjene i odvojivost<\/b><\/p>\n<ul>\n<li>Ovi Uvjeti predstavljaju potpuni sporazum izme\u0111u vas i mene.<\/li>\n<li>Izmjene moraju biti u pisanom obliku i potpisane od obje strane.<\/li>\n<li>Ako se bilo koja klauzula utvrdi neva\u017ee\u0107om, preostale odredbe ostat \u0107e na snazi.<\/li>\n<\/ul>\n<p><b>15. Osloba\u0111anje i odricanje<\/b><\/p>\n<p>Ovime osloba\u0111ate, odri\u010dete se, osloba\u0111ate i zauvijek razrje\u0161avate mene, <b>Deana Peli\u0107a i DE:VERSU<\/b>, svih potra\u017eivanja, tu\u017ebi, tu\u017ebi ili \u0161teta koje proizlaze iz bilo kakvih radnji, odluka ili rezultata va\u0161eg trenerskog anga\u017emana.<\/p>\n<p>Razumijete da to uklju\u010duje sve osobne, emocionalne, financijske ili pravne posljedice koje proizlaze iz va\u0161eg sudjelovanja u coachingu.<\/p>\n<p>Nadalje izjavljujete i jam\u010dite da vam nije dano nikakvo obe\u0107anje, poticaj ili sporazum da ga potpi\u0161ete koji nije izri\u010dito &#8230;<\/p>\n<p><b>16. Povratne informacije<\/b><\/p>\n<p>Povratne informacije su uvijek dobrodo\u0161le i mogu se podijeliti putem e-po\u0161te ili tijekom sesije. Va\u0161i uvidi poma\u017eu u pobolj\u0161anju iskustva coachinga za sve.<\/p>\n<p><b>17. Suglasnost za Ugovor<\/b><\/p>\n<p>Rezervacijom sesije coachinga, ozna\u010davanjem potrebnog okvira za suglasnost ili slanjem obrasca za registraciju potvr\u0111ujete da ste pro\u010ditali, razumjeli i prihvatili ove Uvjete i odredbe. Ovo djeluje kao <b>pravno obvezuju\u0107i ugovor <\/b>izme\u0111u vas i mene.<\/p>\n<p>Kupnjom coachinga primjenjuju se i\u00a0<strong><a href=\"https:\/\/deanpelic.com\/hr\/uvjeti-poslovanja\/\" target=\"_blank\" rel=\"noopener\">Uvjeti poslovanja<\/a><\/strong> i <strong><a href=\"https:\/\/deanpelic.com\/hr\/politika-privatnosti\/\" target=\"_blank\" rel=\"noopener\">Politika privatnosti<\/a><\/strong>, koje kupac isto tako mora obavezno prihvatiti prije dovr\u0161etka narud\u017ebe i pla\u0107anja.<\/p>\n<p><b>Kontaktni podaci<\/b><\/p>\n<p>\ud83d\udce7 <b>E-po\u0161ta:<\/b> coaching@deanpelic.com<\/p>\n<p>\ud83c\udf10 <b>Web stranica:<\/b> www.deanpelic.com<\/p>","protected":false},"excerpt":{"rendered":"<p>Uvjeti i odredbe za usluge Coachinga &#8220;Razgovor 1:1&#8221; Datum stupanja<\/p>","protected":false},"author":1,"featured_media":0,"parent":0,"menu_order":0,"comment_status":"closed","ping_status":"closed","template":"","meta":{"footnotes":""},"class_list":["post-52973","page","type-page","status-publish","hentry"],"yoast_head":"<!-- This site is optimized with the Yoast SEO plugin v26.2 - https:\/\/yoast.com\/wordpress\/plugins\/seo\/ -->\n<title>Coaching - Uvjeti i odredbe - Dean Pelic<\/title>\n<meta name=\"robots\" content=\"index, follow, max-snippet:-1, max-image-preview:large, max-video-preview:-1\" \/>\n<link rel=\"canonical\" href=\"https:\/\/deanpelic.com\/hr\/coaching-uvjeti-i-odredbe\/\" \/>\n<meta property=\"og:locale\" content=\"hr_HR\" \/>\n<meta property=\"og:type\" content=\"article\" \/>\n<meta property=\"og:title\" content=\"Coaching - Uvjeti i odredbe - Dean Pelic\" \/>\n<meta property=\"og:description\" content=\"Uvjeti i odredbe za usluge Coachinga &#8220;Razgovor 1:1&#8221; Datum stupanja\" \/>\n<meta property=\"og:url\" content=\"https:\/\/deanpelic.com\/hr\/coaching-uvjeti-i-odredbe\/\" \/>\n<meta property=\"og:site_name\" content=\"Dean Pelic\" \/>\n<meta property=\"article:publisher\" content=\"http:\/\/www.facebook.com\/DeanPelic\" \/>\n<meta property=\"article:modified_time\" content=\"2026-04-07T14:21:13+00:00\" \/>\n<meta name=\"twitter:card\" content=\"summary_large_image\" \/>\n<meta name=\"twitter:site\" content=\"@DeanPelic\" \/>\n<meta name=\"twitter:label1\" content=\"Procijenjeno vrijeme \u010ditanja\" \/>\n\t<meta name=\"twitter:data1\" content=\"5 minuta\" \/>\n<script type=\"application\/ld+json\" class=\"yoast-schema-graph\">{\"@context\":\"https:\/\/schema.org\",\"@graph\":[{\"@type\":\"WebPage\",\"@id\":\"https:\/\/deanpelic.com\/coaching-uvjeti-i-odredbe\/\",\"url\":\"https:\/\/deanpelic.com\/coaching-uvjeti-i-odredbe\/\",\"name\":\"Coaching - Uvjeti i odredbe - Dean Pelic\",\"isPartOf\":{\"@id\":\"https:\/\/deanpelic.com\/#website\"},\"datePublished\":\"2025-08-20T12:46:29+00:00\",\"dateModified\":\"2026-04-07T14:21:13+00:00\",\"breadcrumb\":{\"@id\":\"https:\/\/deanpelic.com\/coaching-uvjeti-i-odredbe\/#breadcrumb\"},\"inLanguage\":\"hr\",\"potentialAction\":[{\"@type\":\"ReadAction\",\"target\":[\"https:\/\/deanpelic.com\/coaching-uvjeti-i-odredbe\/\"]}]},{\"@type\":\"BreadcrumbList\",\"@id\":\"https:\/\/deanpelic.com\/coaching-uvjeti-i-odredbe\/#breadcrumb\",\"itemListElement\":[{\"@type\":\"ListItem\",\"position\":1,\"name\":\"Home\",\"item\":\"https:\/\/deanpelic.com\/\"},{\"@type\":\"ListItem\",\"position\":2,\"name\":\"Coaching &#8211; Uvjeti i odredbe\"}]},{\"@type\":\"WebSite\",\"@id\":\"https:\/\/deanpelic.com\/#website\",\"url\":\"https:\/\/deanpelic.com\/\",\"name\":\"Dean Peli\u0107 - Official Site\",\"description\":\"Official Site\",\"potentialAction\":[{\"@type\":\"SearchAction\",\"target\":{\"@type\":\"EntryPoint\",\"urlTemplate\":\"https:\/\/deanpelic.com\/?s={search_term_string}\"},\"query-input\":{\"@type\":\"PropertyValueSpecification\",\"valueRequired\":true,\"valueName\":\"search_term_string\"}}],\"inLanguage\":\"hr\"}]}<\/script>\n<!-- \/ Yoast SEO plugin. -->","yoast_head_json":{"title":"Coaching - Uvjeti i odredbe - Dean Pelic","robots":{"index":"index","follow":"follow","max-snippet":"max-snippet:-1","max-image-preview":"max-image-preview:large","max-video-preview":"max-video-preview:-1"},"canonical":"https:\/\/deanpelic.com\/hr\/coaching-uvjeti-i-odredbe\/","og_locale":"hr_HR","og_type":"article","og_title":"Coaching - Uvjeti i odredbe - Dean Pelic","og_description":"Uvjeti i odredbe za usluge Coachinga &#8220;Razgovor 1:1&#8221; Datum stupanja","og_url":"https:\/\/deanpelic.com\/hr\/coaching-uvjeti-i-odredbe\/","og_site_name":"Dean Pelic","article_publisher":"http:\/\/www.facebook.com\/DeanPelic","article_modified_time":"2026-04-07T14:21:13+00:00","twitter_card":"summary_large_image","twitter_site":"@DeanPelic","twitter_misc":{"Procijenjeno vrijeme \u010ditanja":"5 minuta"},"schema":{"@context":"https:\/\/schema.org","@graph":[{"@type":"WebPage","@id":"https:\/\/deanpelic.com\/coaching-uvjeti-i-odredbe\/","url":"https:\/\/deanpelic.com\/coaching-uvjeti-i-odredbe\/","name":"Coaching - Uvjeti i odredbe - Dean Pelic","isPartOf":{"@id":"https:\/\/deanpelic.com\/#website"},"datePublished":"2025-08-20T12:46:29+00:00","dateModified":"2026-04-07T14:21:13+00:00","breadcrumb":{"@id":"https:\/\/deanpelic.com\/coaching-uvjeti-i-odredbe\/#breadcrumb"},"inLanguage":"hr","potentialAction":[{"@type":"ReadAction","target":["https:\/\/deanpelic.com\/coaching-uvjeti-i-odredbe\/"]}]},{"@type":"BreadcrumbList","@id":"https:\/\/deanpelic.com\/coaching-uvjeti-i-odredbe\/#breadcrumb","itemListElement":[{"@type":"ListItem","position":1,"name":"Home","item":"https:\/\/deanpelic.com\/"},{"@type":"ListItem","position":2,"name":"Coaching &#8211; Uvjeti i odredbe"}]},{"@type":"WebSite","@id":"https:\/\/deanpelic.com\/#website","url":"https:\/\/deanpelic.com\/","name":"Dean Peli\u0107 - Official Site","description":"Official Site","potentialAction":[{"@type":"SearchAction","target":{"@type":"EntryPoint","urlTemplate":"https:\/\/deanpelic.com\/?s={search_term_string}"},"query-input":{"@type":"PropertyValueSpecification","valueRequired":true,"valueName":"search_term_string"}}],"inLanguage":"hr"}]}},"jetpack_sharing_enabled":true,"_links":{"self":[{"href":"https:\/\/deanpelic.com\/hr\/wp-json\/wp\/v2\/pages\/52973","targetHints":{"allow":["GET"]}}],"collection":[{"href":"https:\/\/deanpelic.com\/hr\/wp-json\/wp\/v2\/pages"}],"about":[{"href":"https:\/\/deanpelic.com\/hr\/wp-json\/wp\/v2\/types\/page"}],"author":[{"embeddable":true,"href":"https:\/\/deanpelic.com\/hr\/wp-json\/wp\/v2\/users\/1"}],"replies":[{"embeddable":true,"href":"https:\/\/deanpelic.com\/hr\/wp-json\/wp\/v2\/comments?post=52973"}],"version-history":[{"count":7,"href":"https:\/\/deanpelic.com\/hr\/wp-json\/wp\/v2\/pages\/52973\/revisions"}],"predecessor-version":[{"id":53678,"href":"https:\/\/deanpelic.com\/hr\/wp-json\/wp\/v2\/pages\/52973\/revisions\/53678"}],"wp:attachment":[{"href":"https:\/\/deanpelic.com\/hr\/wp-json\/wp\/v2\/media?parent=52973"}],"curies":[{"name":"wp","href":"https:\/\/api.w.org\/{rel}","templated":true}]}}