{"id":53081,"date":"2025-10-12T14:31:33","date_gmt":"2025-10-12T12:31:33","guid":{"rendered":"https:\/\/deanpelic.com\/?page_id=53081"},"modified":"2025-10-26T15:48:28","modified_gmt":"2025-10-26T14:48:28","slug":"nacini-placanja","status":"publish","type":"page","link":"https:\/\/deanpelic.com\/hr\/nacini-placanja\/","title":{"rendered":"Na\u010dini pla\u0107anja"},"content":{"rendered":"<p><b>Na\u010dini pla\u0107anja<\/b><\/p>\n<p>Na\u0161a online trgovina omogu\u0107uje nekoliko sigurnih na\u010dina pla\u0107anja. Odaberite na\u010din koji vam najvi\u0161e odgovara:<\/p>\n<p><b>1. Pouze\u0107em<\/b><\/p>\n<p>Pla\u0107anje pri preuzimanju po\u0161iljke. Ova opcija pla\u0107anja dostupna je samo za narud\u017ebe unutar Republike Hrvatske. Prilikom preuzimanja po\u0161iljke platit \u0107ete cijeli iznos narud\u017ebe.<\/p>\n<p><b>2. <\/b><b>Pla\u0107anje putem kreditne ili debitne kartice (Stripe)<\/b><\/p>\n<p class=\"p1\">Pla\u0107anje je mogu\u0107e sigurno putem kreditne ili debitne kartice putem <span class=\"s1\"><b>Stripe Checkout<\/b><\/span> sustava, vanjske platforme za pla\u0107anje kojom upravlja Stripe. Stripe omogu\u0107uje pla\u0107anja u realnom vremenu koriste\u0107i kartice svih glavnih izdavatelja (Visa, MasterCard, Maestro, American Express, itd.). <span class=\"s1\"><b>Ne prikupljamo niti pohranjujemo podatke o va\u0161oj kartici; svi podaci obra\u0111uju se izravno na Stripe platformi.<\/b><b><\/b><\/span><\/p>\n<p class=\"p1\">Za dovr\u0161etak va\u0161e transakcije, Stripe mo\u017ee obra\u0111ivati ograni\u010dene podatke poput:<\/p>\n<ul>\n<li>\n<p class=\"p1\">va\u0161eg imena<\/p>\n<\/li>\n<li>\n<p class=\"p1\">e-mail adrese<\/p>\n<\/li>\n<li>\n<p class=\"p1\">adrese za naplatu<\/p>\n<\/li>\n<li>\n<p class=\"p1\">iznosa pla\u0107anja<\/p>\n<\/li>\n<li>\n<p class=\"p1\">broja narud\u017ebe<\/p>\n<\/li>\n<\/ul>\n<p class=\"p1\"><span class=\"s1\"><b>Sigurnost:<\/b><\/span> Stripe koristi SSL certifikat i 256-bitnu enkripciju kako bi osigurao visoku razinu za\u0161tite podataka pri unosu i prijenosu podataka o kartici.<\/p>\n<p class=\"p1\"><span class=\"s1\"><b>Obrada narud\u017ebe:<\/b><\/span> Va\u0161a kartica bit \u0107e tere\u0107ena tek kada narud\u017eba bude spremna za isporuku. Kupac \u0107e biti obavije\u0161ten putem e-maila o svakom koraku u procesu obrade narud\u017ebe.<\/p>\n<p class=\"p1\"><span class=\"s1\"><b>Napomena:<\/b><\/span> Prilikom unosa podataka o vlasniku kartice, molimo vas da ne koristite hrvatska slova (\u010d, \u0107, \u0161, \u017e, \u0111).<\/p>\n<p class=\"p4\">Svi podaci o pla\u0107anju obra\u0111uju se u skladu sa <a href=\"https:\/\/stripe.com\/privacy\"><b>Stripe Pravilima privatnosti<\/b><\/a><b> i <\/b><a href=\"https:\/\/stripe.com\/terms\"><b>Uvjetima kori\u0161tenja<\/b><\/a><b>.<\/b><\/p>\n<p><b>3. PayPal<\/b><\/p>\n<p class=\"p1\">Ako imate PayPal ra\u010dun, mo\u017eete izvr\u0161iti uplatu sigurno putem PayPal platforme. PayPal je jedan od najpopularnijih na\u010dina pla\u0107anja online i omogu\u0107uje brz i siguran prijenos sredstava. <span class=\"s1\"><b>Ne prikupljamo niti pohranjujemo va\u0161e PayPal pristupne podatke na na\u0161oj web stranici. <\/b>Svi podaci o pla\u0107anju obra\u0111uju se u skladu s<b><a href=\"https:\/\/www.paypal.com\/webapps\/mpp\/ua\/privacy-full\" target=\"_blank\" rel=\"noopener\">PayPal Pravilima privatnosti<\/a> i <a href=\"https:\/\/www.paypal.com\/webapps\/mpp\/ua\/useragreement-full\" target=\"_blank\" rel=\"noopener\">Uvjetima kori\u0161tenja<\/a>.<\/b><\/span><\/p>\n<p><b>4. Pla\u0107anje iz inozemstva<\/b><\/p>\n<p>Za me\u0111unarodne narud\u017ebe mogu\u0107e je pla\u0107anje putem <b>kreditnih kartica<\/b> ili <b>PayPal-a<\/b>.<\/p>\n<p class=\"p1\"><b>5. Transakcijsko pla\u0107anje \u2013 uplata na ra\u010dun DE:VERSU (opcionalno)<\/b><b><\/b><\/p>\n<p class=\"p2\">Transakcijsko pla\u0107anje dostupno je samo u iznimnim slu\u010dajevima i uz prethodni dogovor s DE:VERSU. Kupci moraju kontaktirati <span class=\"s1\">webshop@deanpelic.com<\/span> kako bi dogovorili ovaj na\u010din pla\u0107anja.<\/p>\n<p><b>Dodatne napomene<\/b><\/p>\n<ol>\n<li><b>Gre\u0161ke u cijeni:<\/b> U slu\u010daju pogre\u0161ke u prikazu cijene na web stranici (npr. cijena 0 EUR ili pogre\u0161na cijena), narud\u017eba \u0107e biti poni\u0161tena, a kupcu \u0107e biti omogu\u0107ena nova narud\u017eba po ispravnoj cijeni.<\/li>\n<li><b>Valuta:<\/b> Svi prikazani iznosi na web stranici su u eurima (EUR).<\/li>\n<li><b>Odgovornost kupca:<\/b> Kupac je odgovoran za to\u010dnost unesenih podataka (adresa dostave, e-mail, kontakt).<\/li>\n<li><b>Odricanje od odgovornosti:<\/b> Prodavatelj ne odgovara za tehni\u010dke probleme ili gre\u0161ke tre\u0107ih strana (banke, Stripe, PayPal).<\/li>\n<li><b>Prihva\u0107anje uvjeta:<\/b> Klikom na odgovaraju\u0107i checkbox prilikom zavr\u0161etka narud\u017ebe kupac potvr\u0111uje da je pro\u010ditao i prihva\u0107a <b>Uvjete poslovanja<\/b> te <b>Politiku privatnosti<\/b>.<\/li>\n<\/ol>","protected":false},"excerpt":{"rendered":"<p>Na\u010dini pla\u0107anja Na\u0161a online trgovina omogu\u0107uje nekoliko sigurnih na\u010dina pla\u0107anja.<\/p>","protected":false},"author":1,"featured_media":0,"parent":0,"menu_order":0,"comment_status":"closed","ping_status":"closed","template":"","meta":{"footnotes":""},"class_list":["post-53081","page","type-page","status-publish","hentry"],"yoast_head":"<!-- This site is optimized with the Yoast SEO plugin v26.2 - https:\/\/yoast.com\/wordpress\/plugins\/seo\/ -->\n<title>Na\u010dini pla\u0107anja - Dean Pelic<\/title>\n<meta name=\"robots\" content=\"index, follow, max-snippet:-1, max-image-preview:large, max-video-preview:-1\" \/>\n<link rel=\"canonical\" href=\"https:\/\/deanpelic.com\/hr\/nacini-placanja\/\" \/>\n<meta property=\"og:locale\" content=\"hr_HR\" \/>\n<meta property=\"og:type\" content=\"article\" \/>\n<meta property=\"og:title\" content=\"Na\u010dini pla\u0107anja - Dean Pelic\" \/>\n<meta property=\"og:description\" content=\"Na\u010dini pla\u0107anja Na\u0161a online trgovina omogu\u0107uje nekoliko sigurnih na\u010dina pla\u0107anja.\" \/>\n<meta property=\"og:url\" content=\"https:\/\/deanpelic.com\/hr\/nacini-placanja\/\" \/>\n<meta property=\"og:site_name\" content=\"Dean Pelic\" \/>\n<meta property=\"article:publisher\" content=\"http:\/\/www.facebook.com\/DeanPelic\" \/>\n<meta property=\"article:modified_time\" content=\"2025-10-26T14:48:28+00:00\" \/>\n<meta name=\"twitter:card\" content=\"summary_large_image\" \/>\n<meta name=\"twitter:site\" content=\"@DeanPelic\" \/>\n<meta name=\"twitter:label1\" content=\"Procijenjeno vrijeme \u010ditanja\" \/>\n\t<meta name=\"twitter:data1\" content=\"2 minute\" \/>\n<script type=\"application\/ld+json\" class=\"yoast-schema-graph\">{\"@context\":\"https:\/\/schema.org\",\"@graph\":[{\"@type\":\"WebPage\",\"@id\":\"https:\/\/deanpelic.com\/nacini-placanja\/\",\"url\":\"https:\/\/deanpelic.com\/nacini-placanja\/\",\"name\":\"Na\u010dini pla\u0107anja - Dean Pelic\",\"isPartOf\":{\"@id\":\"https:\/\/deanpelic.com\/#website\"},\"datePublished\":\"2025-10-12T12:31:33+00:00\",\"dateModified\":\"2025-10-26T14:48:28+00:00\",\"breadcrumb\":{\"@id\":\"https:\/\/deanpelic.com\/nacini-placanja\/#breadcrumb\"},\"inLanguage\":\"hr\",\"potentialAction\":[{\"@type\":\"ReadAction\",\"target\":[\"https:\/\/deanpelic.com\/nacini-placanja\/\"]}]},{\"@type\":\"BreadcrumbList\",\"@id\":\"https:\/\/deanpelic.com\/nacini-placanja\/#breadcrumb\",\"itemListElement\":[{\"@type\":\"ListItem\",\"position\":1,\"name\":\"Home\",\"item\":\"https:\/\/deanpelic.com\/\"},{\"@type\":\"ListItem\",\"position\":2,\"name\":\"Na\u010dini pla\u0107anja\"}]},{\"@type\":\"WebSite\",\"@id\":\"https:\/\/deanpelic.com\/#website\",\"url\":\"https:\/\/deanpelic.com\/\",\"name\":\"Dean Peli\u0107 - Official Site\",\"description\":\"Official Site\",\"potentialAction\":[{\"@type\":\"SearchAction\",\"target\":{\"@type\":\"EntryPoint\",\"urlTemplate\":\"https:\/\/deanpelic.com\/?s={search_term_string}\"},\"query-input\":{\"@type\":\"PropertyValueSpecification\",\"valueRequired\":true,\"valueName\":\"search_term_string\"}}],\"inLanguage\":\"hr\"}]}<\/script>\n<!-- \/ Yoast SEO plugin. -->","yoast_head_json":{"title":"Na\u010dini pla\u0107anja - Dean Pelic","robots":{"index":"index","follow":"follow","max-snippet":"max-snippet:-1","max-image-preview":"max-image-preview:large","max-video-preview":"max-video-preview:-1"},"canonical":"https:\/\/deanpelic.com\/hr\/nacini-placanja\/","og_locale":"hr_HR","og_type":"article","og_title":"Na\u010dini pla\u0107anja - Dean Pelic","og_description":"Na\u010dini pla\u0107anja Na\u0161a online trgovina omogu\u0107uje nekoliko sigurnih na\u010dina pla\u0107anja.","og_url":"https:\/\/deanpelic.com\/hr\/nacini-placanja\/","og_site_name":"Dean Pelic","article_publisher":"http:\/\/www.facebook.com\/DeanPelic","article_modified_time":"2025-10-26T14:48:28+00:00","twitter_card":"summary_large_image","twitter_site":"@DeanPelic","twitter_misc":{"Procijenjeno vrijeme \u010ditanja":"2 minute"},"schema":{"@context":"https:\/\/schema.org","@graph":[{"@type":"WebPage","@id":"https:\/\/deanpelic.com\/nacini-placanja\/","url":"https:\/\/deanpelic.com\/nacini-placanja\/","name":"Na\u010dini pla\u0107anja - Dean Pelic","isPartOf":{"@id":"https:\/\/deanpelic.com\/#website"},"datePublished":"2025-10-12T12:31:33+00:00","dateModified":"2025-10-26T14:48:28+00:00","breadcrumb":{"@id":"https:\/\/deanpelic.com\/nacini-placanja\/#breadcrumb"},"inLanguage":"hr","potentialAction":[{"@type":"ReadAction","target":["https:\/\/deanpelic.com\/nacini-placanja\/"]}]},{"@type":"BreadcrumbList","@id":"https:\/\/deanpelic.com\/nacini-placanja\/#breadcrumb","itemListElement":[{"@type":"ListItem","position":1,"name":"Home","item":"https:\/\/deanpelic.com\/"},{"@type":"ListItem","position":2,"name":"Na\u010dini pla\u0107anja"}]},{"@type":"WebSite","@id":"https:\/\/deanpelic.com\/#website","url":"https:\/\/deanpelic.com\/","name":"Dean Peli\u0107 - Official Site","description":"Official Site","potentialAction":[{"@type":"SearchAction","target":{"@type":"EntryPoint","urlTemplate":"https:\/\/deanpelic.com\/?s={search_term_string}"},"query-input":{"@type":"PropertyValueSpecification","valueRequired":true,"valueName":"search_term_string"}}],"inLanguage":"hr"}]}},"jetpack_sharing_enabled":true,"_links":{"self":[{"href":"https:\/\/deanpelic.com\/hr\/wp-json\/wp\/v2\/pages\/53081","targetHints":{"allow":["GET"]}}],"collection":[{"href":"https:\/\/deanpelic.com\/hr\/wp-json\/wp\/v2\/pages"}],"about":[{"href":"https:\/\/deanpelic.com\/hr\/wp-json\/wp\/v2\/types\/page"}],"author":[{"embeddable":true,"href":"https:\/\/deanpelic.com\/hr\/wp-json\/wp\/v2\/users\/1"}],"replies":[{"embeddable":true,"href":"https:\/\/deanpelic.com\/hr\/wp-json\/wp\/v2\/comments?post=53081"}],"version-history":[{"count":3,"href":"https:\/\/deanpelic.com\/hr\/wp-json\/wp\/v2\/pages\/53081\/revisions"}],"predecessor-version":[{"id":53265,"href":"https:\/\/deanpelic.com\/hr\/wp-json\/wp\/v2\/pages\/53081\/revisions\/53265"}],"wp:attachment":[{"href":"https:\/\/deanpelic.com\/hr\/wp-json\/wp\/v2\/media?parent=53081"}],"curies":[{"name":"wp","href":"https:\/\/api.w.org\/{rel}","templated":true}]}}