{"id":53083,"date":"2025-10-12T14:34:49","date_gmt":"2025-10-12T12:34:49","guid":{"rendered":"https:\/\/deanpelic.com\/?page_id=53083"},"modified":"2025-10-12T14:58:10","modified_gmt":"2025-10-12T12:58:10","slug":"politika-povrata","status":"publish","type":"page","link":"https:\/\/deanpelic.com\/hr\/politika-povrata\/","title":{"rendered":"Politika povrata"},"content":{"rendered":"<p><b>Politika povrata<\/b><b><\/b><\/p>\n<p><b>1. Povrat proizvoda<\/b><br \/>\nKupac ima pravo na jednostrani raskid ugovora i povrat proizvoda u roku od 14 dana od dana primitka po\u0161iljke, bez navo\u0111enja razloga. Ako je naru\u010deno vi\u0161e artikala, kupac mo\u017ee odustati od svih kupljenih proizvoda ili samo od pojedinih.<\/p>\n<p><b>Rok za povrat:<\/b> 14 dana od dana primitka po\u0161iljke.<\/p>\n<p><b>Uvjeti povrata:<\/b><b><\/b><\/p>\n<ul>\n<li>Proizvod mora biti u neotvorenom i neo\u0161te\u0107enom stanju.<\/li>\n<li>Otpakirane ili o\u0161te\u0107ene knjige ne\u0107e biti prihva\u0107ene za povrat.<\/li>\n<li>Proizvod mora biti vra\u0107en u originalnom pakiranju sa svim prate\u0107im dokumentima (ra\u010dun, upute itd.).<\/li>\n<\/ul>\n<p><b>Tro\u0161ak povrata:<\/b><b><\/b><\/p>\n<ul>\n<li>Kupac snosi izravne tro\u0161kove povrata proizvoda.<\/li>\n<li>Ako je proizvod o\u0161te\u0107en ili pogre\u0161an, tro\u0161ak povrata snosi prodavatelj.<\/li>\n<\/ul>\n<p><b>2. Obavijest o odustanku od narud\u017ebe<\/b><br \/>\nKupac mora obavijestiti prodavatelja o svojoj odluci o odustanku prije isteka roka od 14 dana. Obavijest se mo\u017ee poslati:<\/p>\n<ul>\n<li>elektroni\u010dkom po\u0161tom: reklamacije@deanpelic.com<\/li>\n<\/ul>\n<p>Obavijest mora sadr\u017eavati: ime i prezime kupca, adresu, broj telefona, e-mail adresu i broj narud\u017ebe.<br \/>\nProdavatelj potvr\u0111uje primitak obavijesti bez odga\u0111anja.<\/p>\n<p><b>3. Povrat robe<\/b><br \/>\nKupac smatra da je izvr\u0161io svoju obvezu na vrijeme ako je robu poslao prodavatelju ili osobi koju je prodavatelj ovlastio za primanje robe prije isteka roka od 14 dana.<\/p>\n<p><b>Odgovornost kupca za umanjenje vrijednosti robe:<\/b><br \/>\nKupac je odgovoran za svako umanjenje vrijednosti proizvoda koje je rezultat nepravilnog rukovanja, osim onog \u0161to je nu\u017eno za provjeru prirode, obilje\u017eja i funkcionalnosti proizvoda.<\/p>\n<p><b>Primjeri:<\/b><b><\/b><\/p>\n<ul>\n<li><b>Uni\u0161tenje ambala\u017ee:<\/b> Povrat bez originalnog pakiranja ili uni\u0161tenje ambala\u017ee smanjuje povrat za 10% upla\u0107enog iznosa.<\/li>\n<li><b>Vidljivo habanje ili \u0161teta:<\/b> Povrat se umanjuje za 20% zbog neodgovaraju\u0107eg kori\u0161tenja.<\/li>\n<li><b>Vidljivo o\u0161te\u0107enje proizvoda:<\/b> Povrat se umanjuje za odgovaraju\u0107i postotak, minimalno 25% maloprodajne cijene proizvoda.<\/li>\n<\/ul>\n<p>Kupac mora vratiti proizvod najkasnije u roku od 14 dana od dana podno\u0161enja zahtjeva za otkaz narud\u017ebe.<\/p>\n<p><b>4. Povrat novca<\/b><b><\/b><\/p>\n<ul>\n<li>Nakon \u0161to prodavatelj primi proizvod i potvrdi ispunjenje uvjeta povrata, povrat novca izvr\u0161ava se istim na\u010dinom pla\u0107anja (kreditna kartica, PayPal, bankovni prijenos).<\/li>\n<li>Povrat novca izvr\u0161ava se u roku od 14 radnih dana od primitka i pregleda proizvoda.<\/li>\n<li>Povrat ne uklju\u010duje tro\u0161ak dostave nastao pri prvobitnoj isporuci.<\/li>\n<li>Proizvod koji nije u originalnom stanju, kori\u0161ten ili o\u0161te\u0107en, ne\u0107e biti prihva\u0107en za povrat.<\/li>\n<\/ul>\n<p><b>5. EU Platforma za online rje\u0161avanje sporova<\/b><br \/>\nAko se izme\u0111u prodavatelja i kupca ne postigne dogovor, obje strane imaju pravo koristiti EU platformu za internetsko rje\u0161avanje sporova:<br \/>\n<a href=\"https:\/\/ec.europa.eu\/consumers\/odr\/\">https:\/\/ec.europa.eu\/consumers\/odr\/<\/a><\/p>\n<p><b>6. Kontakt za reklamacije<\/b><br \/>\nKupac mo\u017ee podnijeti pritu\u017ebu prodavatelju putem:<\/p>\n<ul>\n<li><b>E-mail:<\/b> reklamacije@deanpelic.com<\/li>\n<\/ul>\n<p>Prodavatelj se obvezuje odgovoriti na pritu\u017ebu u najkra\u0107em mogu\u0107em roku.<\/p>","protected":false},"excerpt":{"rendered":"<p>Politika povrata 1. Povrat proizvoda Kupac ima pravo na jednostrani<\/p>","protected":false},"author":1,"featured_media":0,"parent":0,"menu_order":0,"comment_status":"closed","ping_status":"closed","template":"","meta":{"footnotes":""},"class_list":["post-53083","page","type-page","status-publish","hentry"],"yoast_head":"<!-- This site is optimized with the Yoast SEO plugin v26.2 - https:\/\/yoast.com\/wordpress\/plugins\/seo\/ -->\n<title>Politika povrata - Dean Pelic<\/title>\n<meta name=\"robots\" content=\"index, follow, max-snippet:-1, max-image-preview:large, max-video-preview:-1\" \/>\n<link rel=\"canonical\" href=\"https:\/\/deanpelic.com\/hr\/politika-povrata\/\" \/>\n<meta property=\"og:locale\" content=\"hr_HR\" \/>\n<meta property=\"og:type\" content=\"article\" \/>\n<meta property=\"og:title\" content=\"Politika povrata - Dean Pelic\" \/>\n<meta property=\"og:description\" content=\"Politika povrata 1. Povrat proizvoda Kupac ima pravo na jednostrani\" \/>\n<meta property=\"og:url\" content=\"https:\/\/deanpelic.com\/hr\/politika-povrata\/\" \/>\n<meta property=\"og:site_name\" content=\"Dean Pelic\" \/>\n<meta property=\"article:publisher\" content=\"http:\/\/www.facebook.com\/DeanPelic\" \/>\n<meta property=\"article:modified_time\" content=\"2025-10-12T12:58:10+00:00\" \/>\n<meta name=\"twitter:card\" content=\"summary_large_image\" \/>\n<meta name=\"twitter:site\" content=\"@DeanPelic\" \/>\n<meta name=\"twitter:label1\" content=\"Procijenjeno vrijeme \u010ditanja\" \/>\n\t<meta name=\"twitter:data1\" content=\"2 minute\" \/>\n<script type=\"application\/ld+json\" class=\"yoast-schema-graph\">{\"@context\":\"https:\/\/schema.org\",\"@graph\":[{\"@type\":\"WebPage\",\"@id\":\"https:\/\/deanpelic.com\/politika-povrata\/\",\"url\":\"https:\/\/deanpelic.com\/politika-povrata\/\",\"name\":\"Politika povrata - Dean Pelic\",\"isPartOf\":{\"@id\":\"https:\/\/deanpelic.com\/#website\"},\"datePublished\":\"2025-10-12T12:34:49+00:00\",\"dateModified\":\"2025-10-12T12:58:10+00:00\",\"breadcrumb\":{\"@id\":\"https:\/\/deanpelic.com\/politika-povrata\/#breadcrumb\"},\"inLanguage\":\"hr\",\"potentialAction\":[{\"@type\":\"ReadAction\",\"target\":[\"https:\/\/deanpelic.com\/politika-povrata\/\"]}]},{\"@type\":\"BreadcrumbList\",\"@id\":\"https:\/\/deanpelic.com\/politika-povrata\/#breadcrumb\",\"itemListElement\":[{\"@type\":\"ListItem\",\"position\":1,\"name\":\"Home\",\"item\":\"https:\/\/deanpelic.com\/\"},{\"@type\":\"ListItem\",\"position\":2,\"name\":\"Politika povrata\"}]},{\"@type\":\"WebSite\",\"@id\":\"https:\/\/deanpelic.com\/#website\",\"url\":\"https:\/\/deanpelic.com\/\",\"name\":\"Dean Peli\u0107 - Official Site\",\"description\":\"Official Site\",\"potentialAction\":[{\"@type\":\"SearchAction\",\"target\":{\"@type\":\"EntryPoint\",\"urlTemplate\":\"https:\/\/deanpelic.com\/?s={search_term_string}\"},\"query-input\":{\"@type\":\"PropertyValueSpecification\",\"valueRequired\":true,\"valueName\":\"search_term_string\"}}],\"inLanguage\":\"hr\"}]}<\/script>\n<!-- \/ Yoast SEO plugin. -->","yoast_head_json":{"title":"Politika povrata - Dean Pelic","robots":{"index":"index","follow":"follow","max-snippet":"max-snippet:-1","max-image-preview":"max-image-preview:large","max-video-preview":"max-video-preview:-1"},"canonical":"https:\/\/deanpelic.com\/hr\/politika-povrata\/","og_locale":"hr_HR","og_type":"article","og_title":"Politika povrata - Dean Pelic","og_description":"Politika povrata 1. Povrat proizvoda Kupac ima pravo na jednostrani","og_url":"https:\/\/deanpelic.com\/hr\/politika-povrata\/","og_site_name":"Dean Pelic","article_publisher":"http:\/\/www.facebook.com\/DeanPelic","article_modified_time":"2025-10-12T12:58:10+00:00","twitter_card":"summary_large_image","twitter_site":"@DeanPelic","twitter_misc":{"Procijenjeno vrijeme \u010ditanja":"2 minute"},"schema":{"@context":"https:\/\/schema.org","@graph":[{"@type":"WebPage","@id":"https:\/\/deanpelic.com\/politika-povrata\/","url":"https:\/\/deanpelic.com\/politika-povrata\/","name":"Politika povrata - Dean Pelic","isPartOf":{"@id":"https:\/\/deanpelic.com\/#website"},"datePublished":"2025-10-12T12:34:49+00:00","dateModified":"2025-10-12T12:58:10+00:00","breadcrumb":{"@id":"https:\/\/deanpelic.com\/politika-povrata\/#breadcrumb"},"inLanguage":"hr","potentialAction":[{"@type":"ReadAction","target":["https:\/\/deanpelic.com\/politika-povrata\/"]}]},{"@type":"BreadcrumbList","@id":"https:\/\/deanpelic.com\/politika-povrata\/#breadcrumb","itemListElement":[{"@type":"ListItem","position":1,"name":"Home","item":"https:\/\/deanpelic.com\/"},{"@type":"ListItem","position":2,"name":"Politika povrata"}]},{"@type":"WebSite","@id":"https:\/\/deanpelic.com\/#website","url":"https:\/\/deanpelic.com\/","name":"Dean Peli\u0107 - Official Site","description":"Official Site","potentialAction":[{"@type":"SearchAction","target":{"@type":"EntryPoint","urlTemplate":"https:\/\/deanpelic.com\/?s={search_term_string}"},"query-input":{"@type":"PropertyValueSpecification","valueRequired":true,"valueName":"search_term_string"}}],"inLanguage":"hr"}]}},"jetpack_sharing_enabled":true,"_links":{"self":[{"href":"https:\/\/deanpelic.com\/hr\/wp-json\/wp\/v2\/pages\/53083","targetHints":{"allow":["GET"]}}],"collection":[{"href":"https:\/\/deanpelic.com\/hr\/wp-json\/wp\/v2\/pages"}],"about":[{"href":"https:\/\/deanpelic.com\/hr\/wp-json\/wp\/v2\/types\/page"}],"author":[{"embeddable":true,"href":"https:\/\/deanpelic.com\/hr\/wp-json\/wp\/v2\/users\/1"}],"replies":[{"embeddable":true,"href":"https:\/\/deanpelic.com\/hr\/wp-json\/wp\/v2\/comments?post=53083"}],"version-history":[{"count":2,"href":"https:\/\/deanpelic.com\/hr\/wp-json\/wp\/v2\/pages\/53083\/revisions"}],"predecessor-version":[{"id":53098,"href":"https:\/\/deanpelic.com\/hr\/wp-json\/wp\/v2\/pages\/53083\/revisions\/53098"}],"wp:attachment":[{"href":"https:\/\/deanpelic.com\/hr\/wp-json\/wp\/v2\/media?parent=53083"}],"curies":[{"name":"wp","href":"https:\/\/api.w.org\/{rel}","templated":true}]}}