{"id":53085,"date":"2025-10-12T14:36:46","date_gmt":"2025-10-12T12:36:46","guid":{"rendered":"https:\/\/deanpelic.com\/?page_id=53085"},"modified":"2025-10-12T14:36:46","modified_gmt":"2025-10-12T12:36:46","slug":"uvjeti-dostave","status":"publish","type":"page","link":"https:\/\/deanpelic.com\/hr\/uvjeti-dostave\/","title":{"rendered":"Uvjeti dostave"},"content":{"rendered":"<p><b>Uvjeti dostave<\/b><b><\/b><\/p>\n<p><b>1. Dostava u Hrvatskoj<\/b><br \/>\nZa sve narud\u017ebe unutar Republike Hrvatske, dostavu vr\u0161imo putem GLS-a. Vrijeme dostave obi\u010dno je 1\u20133 radna dana od trenutka kada narud\u017eba bude obra\u0111ena i predana kurirskoj slu\u017ebi.<\/p>\n<p><b>Cijena dostave:<\/b> Tro\u0161ak dostave unutar Hrvatske izra\u010dunava se tijekom procesa narud\u017ebe i ovisi o te\u017eini paketa, koli\u010dini proizvoda i adresi isporuke. To\u010dan iznos dostave bit \u0107e prikazan prije zavr\u0161etka narud\u017ebe i izvr\u0161enja uplate.<\/p>\n<p><b>2. Dostava u inozemstvo<\/b><br \/>\nZa me\u0111unarodne narud\u017ebe dostavu vr\u0161imo putem GLS-a ili Hrvatske po\u0161te (HP), ovisno o destinaciji. Vrijeme dostave mo\u017ee varirati, a obi\u010dno traje od 3 do 30 radnih dana, ovisno o zemlji i kontinentu. U nekim slu\u010dajevima dostava mo\u017ee trajati i dulje zbog vanjskih faktora, uklju\u010duju\u0107i carinske procedure ili specifi\u010dne uvjete dostavlja\u010da.<\/p>\n<p><b>Cijena dostave:<\/b> Tro\u0161ak dostave za me\u0111unarodne narud\u017ebe izra\u010dunava se tijekom procesa narud\u017ebe i ovisi o destinaciji, te\u017eini paketa i koli\u010dini proizvoda. To\u010dan iznos dostave bit \u0107e prikazan prije zavr\u0161etka narud\u017ebe i izvr\u0161enja uplate.<\/p>\n<p><b>3. Pra\u0107enje po\u0161iljke<\/b><br \/>\nNakon \u0161to po\u0161iljka bude predana kurirskoj slu\u017ebi, primit \u0107ete broj za pra\u0107enje putem e-maila. Kori\u0161tenjem tog broja mo\u0107i \u0107ete pratiti status svoje po\u0161iljke direktno na web stranici dostavlja\u010da.<\/p>\n<p><b>4. Napomene<\/b><b><\/b><\/p>\n<ul>\n<li><b>Adresa dostave:<\/b> Molimo vas da unesete to\u010dnu adresu kako biste izbjegli ka\u0161njenje ili vra\u0107anje paketa. Ako dostava nije mogu\u0107a zbog pogre\u0161ne adrese, bit \u0107ete obavije\u0161teni, a narud\u017eba \u0107e biti vra\u0107ena.<\/li>\n<li><b>Ka\u0161njenja u dostavi:<\/b> Iako se trudimo osigurati pravovremenu dostavu, ne snosimo odgovornost za eventualna ka\u0161njenja nastala od strane dostavlja\u010da.<\/li>\n<\/ul>","protected":false},"excerpt":{"rendered":"<p>Uvjeti dostave 1. Dostava u Hrvatskoj Za sve narud\u017ebe unutar<\/p>","protected":false},"author":1,"featured_media":0,"parent":0,"menu_order":0,"comment_status":"closed","ping_status":"closed","template":"","meta":{"footnotes":""},"class_list":["post-53085","page","type-page","status-publish","hentry"],"yoast_head":"<!-- This site is optimized with the Yoast SEO plugin v26.2 - https:\/\/yoast.com\/wordpress\/plugins\/seo\/ -->\n<title>Uvjeti dostave - Dean Pelic<\/title>\n<meta name=\"robots\" content=\"index, follow, max-snippet:-1, max-image-preview:large, max-video-preview:-1\" \/>\n<link rel=\"canonical\" href=\"https:\/\/deanpelic.com\/hr\/uvjeti-dostave\/\" \/>\n<meta property=\"og:locale\" content=\"hr_HR\" \/>\n<meta property=\"og:type\" content=\"article\" \/>\n<meta property=\"og:title\" content=\"Uvjeti dostave - Dean Pelic\" \/>\n<meta property=\"og:description\" content=\"Uvjeti dostave 1. Dostava u Hrvatskoj Za sve narud\u017ebe unutar\" \/>\n<meta property=\"og:url\" content=\"https:\/\/deanpelic.com\/hr\/uvjeti-dostave\/\" \/>\n<meta property=\"og:site_name\" content=\"Dean Pelic\" \/>\n<meta property=\"article:publisher\" content=\"http:\/\/www.facebook.com\/DeanPelic\" \/>\n<meta name=\"twitter:card\" content=\"summary_large_image\" \/>\n<meta name=\"twitter:site\" content=\"@DeanPelic\" \/>\n<script type=\"application\/ld+json\" class=\"yoast-schema-graph\">{\"@context\":\"https:\/\/schema.org\",\"@graph\":[{\"@type\":\"WebPage\",\"@id\":\"https:\/\/deanpelic.com\/uvjeti-dostave\/\",\"url\":\"https:\/\/deanpelic.com\/uvjeti-dostave\/\",\"name\":\"Uvjeti dostave - Dean Pelic\",\"isPartOf\":{\"@id\":\"https:\/\/deanpelic.com\/#website\"},\"datePublished\":\"2025-10-12T12:36:46+00:00\",\"breadcrumb\":{\"@id\":\"https:\/\/deanpelic.com\/uvjeti-dostave\/#breadcrumb\"},\"inLanguage\":\"hr\",\"potentialAction\":[{\"@type\":\"ReadAction\",\"target\":[\"https:\/\/deanpelic.com\/uvjeti-dostave\/\"]}]},{\"@type\":\"BreadcrumbList\",\"@id\":\"https:\/\/deanpelic.com\/uvjeti-dostave\/#breadcrumb\",\"itemListElement\":[{\"@type\":\"ListItem\",\"position\":1,\"name\":\"Home\",\"item\":\"https:\/\/deanpelic.com\/\"},{\"@type\":\"ListItem\",\"position\":2,\"name\":\"Uvjeti dostave\"}]},{\"@type\":\"WebSite\",\"@id\":\"https:\/\/deanpelic.com\/#website\",\"url\":\"https:\/\/deanpelic.com\/\",\"name\":\"Dean Peli\u0107 - Official Site\",\"description\":\"Official Site\",\"potentialAction\":[{\"@type\":\"SearchAction\",\"target\":{\"@type\":\"EntryPoint\",\"urlTemplate\":\"https:\/\/deanpelic.com\/?s={search_term_string}\"},\"query-input\":{\"@type\":\"PropertyValueSpecification\",\"valueRequired\":true,\"valueName\":\"search_term_string\"}}],\"inLanguage\":\"hr\"}]}<\/script>\n<!-- \/ Yoast SEO plugin. -->","yoast_head_json":{"title":"Uvjeti dostave - Dean Pelic","robots":{"index":"index","follow":"follow","max-snippet":"max-snippet:-1","max-image-preview":"max-image-preview:large","max-video-preview":"max-video-preview:-1"},"canonical":"https:\/\/deanpelic.com\/hr\/uvjeti-dostave\/","og_locale":"hr_HR","og_type":"article","og_title":"Uvjeti dostave - Dean Pelic","og_description":"Uvjeti dostave 1. Dostava u Hrvatskoj Za sve narud\u017ebe unutar","og_url":"https:\/\/deanpelic.com\/hr\/uvjeti-dostave\/","og_site_name":"Dean Pelic","article_publisher":"http:\/\/www.facebook.com\/DeanPelic","twitter_card":"summary_large_image","twitter_site":"@DeanPelic","schema":{"@context":"https:\/\/schema.org","@graph":[{"@type":"WebPage","@id":"https:\/\/deanpelic.com\/uvjeti-dostave\/","url":"https:\/\/deanpelic.com\/uvjeti-dostave\/","name":"Uvjeti dostave - Dean Pelic","isPartOf":{"@id":"https:\/\/deanpelic.com\/#website"},"datePublished":"2025-10-12T12:36:46+00:00","breadcrumb":{"@id":"https:\/\/deanpelic.com\/uvjeti-dostave\/#breadcrumb"},"inLanguage":"hr","potentialAction":[{"@type":"ReadAction","target":["https:\/\/deanpelic.com\/uvjeti-dostave\/"]}]},{"@type":"BreadcrumbList","@id":"https:\/\/deanpelic.com\/uvjeti-dostave\/#breadcrumb","itemListElement":[{"@type":"ListItem","position":1,"name":"Home","item":"https:\/\/deanpelic.com\/"},{"@type":"ListItem","position":2,"name":"Uvjeti dostave"}]},{"@type":"WebSite","@id":"https:\/\/deanpelic.com\/#website","url":"https:\/\/deanpelic.com\/","name":"Dean Peli\u0107 - Official Site","description":"Official Site","potentialAction":[{"@type":"SearchAction","target":{"@type":"EntryPoint","urlTemplate":"https:\/\/deanpelic.com\/?s={search_term_string}"},"query-input":{"@type":"PropertyValueSpecification","valueRequired":true,"valueName":"search_term_string"}}],"inLanguage":"hr"}]}},"jetpack_sharing_enabled":true,"_links":{"self":[{"href":"https:\/\/deanpelic.com\/hr\/wp-json\/wp\/v2\/pages\/53085","targetHints":{"allow":["GET"]}}],"collection":[{"href":"https:\/\/deanpelic.com\/hr\/wp-json\/wp\/v2\/pages"}],"about":[{"href":"https:\/\/deanpelic.com\/hr\/wp-json\/wp\/v2\/types\/page"}],"author":[{"embeddable":true,"href":"https:\/\/deanpelic.com\/hr\/wp-json\/wp\/v2\/users\/1"}],"replies":[{"embeddable":true,"href":"https:\/\/deanpelic.com\/hr\/wp-json\/wp\/v2\/comments?post=53085"}],"version-history":[{"count":1,"href":"https:\/\/deanpelic.com\/hr\/wp-json\/wp\/v2\/pages\/53085\/revisions"}],"predecessor-version":[{"id":53086,"href":"https:\/\/deanpelic.com\/hr\/wp-json\/wp\/v2\/pages\/53085\/revisions\/53086"}],"wp:attachment":[{"href":"https:\/\/deanpelic.com\/hr\/wp-json\/wp\/v2\/media?parent=53085"}],"curies":[{"name":"wp","href":"https:\/\/api.w.org\/{rel}","templated":true}]}}