{"id":52932,"date":"2025-08-09T14:36:28","date_gmt":"2025-08-09T12:36:28","guid":{"rendered":"https:\/\/deanpelic.com\/?post_type=product&#038;p=52932"},"modified":"2026-04-07T16:16:05","modified_gmt":"2026-04-07T14:16:05","slug":"talk-with-me-11-1-session","status":"publish","type":"product","link":"https:\/\/deanpelic.com\/hr\/proizvod\/talk-with-me-11-1-session\/","title":{"rendered":"Razgovor 1:1 - 1 termin"},"content":{"rendered":"<ul>\n<li>1 termin<\/li>\n<li><strong>60 min<\/strong> Google Meet video poziv<\/li>\n<li>Idealno za klijente koji dolaze prvi put ili za jednokratno savjetovanje<\/li>\n<li>Nakon kupnje, dobit \u0107ete <strong>link za kalendar<\/strong> kako biste rezervirali \u017eeljeni i slobodan datum i vrijeme.<\/li>\n<li>Na linku kalendara tako\u0111er \u0107ete mo\u0107i odabrati vrstu <strong>usluge<\/strong> koju \u017eelite:<\/li>\n<\/ul>\n<p style=\"padding-left: 40px;\"><strong>Coaching<\/strong> (Osobni razvoj, odnosi, briga o sebi, manifestiranje, ljubav)<\/p>\n<p style=\"padding-left: 40px;\"><strong>Ostalo<\/strong> (Putovanja, stil, posao, dru\u0161tvene mre\u017ee, savjeti)<\/p>\n<ul>\n<li>Dostupno na <strong>Engleskom<\/strong> I <strong>Hrvatskom<\/strong><\/li>\n<\/ul>","protected":false},"excerpt":{"rendered":"<p>1 session 60 min Google Meet video call Perfect for<\/p>","protected":false},"featured_media":53239,"template":"","meta":[],"product_brand":[],"product_cat":[842],"product_tag":[843],"class_list":{"0":"post-52932","1":"product","2":"type-product","3":"status-publish","4":"has-post-thumbnail","6":"product_cat-coaching","7":"product_tag-coaching","9":"first","10":"instock","11":"virtual","12":"purchasable","13":"product-type-simple"},"yoast_head":"<!-- This site is optimized with the Yoast SEO plugin v26.2 - https:\/\/yoast.com\/wordpress\/plugins\/seo\/ -->\n<title>Talk with me 1:1 - 1 Session - Dean Pelic<\/title>\n<meta name=\"robots\" content=\"index, follow, max-snippet:-1, max-image-preview:large, max-video-preview:-1\" \/>\n<link rel=\"canonical\" href=\"https:\/\/deanpelic.com\/hr\/proizvod\/talk-with-me-11-1-session\/\" \/>\n<meta property=\"og:locale\" content=\"hr_HR\" \/>\n<meta property=\"og:type\" content=\"article\" \/>\n<meta property=\"og:title\" content=\"Talk with me 1:1 - 1 Session - Dean Pelic\" \/>\n<meta property=\"og:description\" content=\"1 session 60 min Google Meet video call Perfect for\" \/>\n<meta property=\"og:url\" content=\"https:\/\/deanpelic.com\/hr\/proizvod\/talk-with-me-11-1-session\/\" \/>\n<meta property=\"og:site_name\" content=\"Dean Pelic\" \/>\n<meta property=\"article:publisher\" content=\"http:\/\/www.facebook.com\/DeanPelic\" \/>\n<meta property=\"article:modified_time\" content=\"2026-04-07T14:16:05+00:00\" \/>\n<meta property=\"og:image\" content=\"https:\/\/deanpelic.com\/wp-content\/uploads\/deanpeliccoaching.jpg\" \/>\n\t<meta property=\"og:image:width\" content=\"600\" \/>\n\t<meta property=\"og:image:height\" content=\"925\" \/>\n\t<meta property=\"og:image:type\" content=\"image\/jpeg\" \/>\n<meta name=\"twitter:card\" content=\"summary_large_image\" \/>\n<meta name=\"twitter:site\" content=\"@DeanPelic\" \/>\n<meta name=\"twitter:label1\" content=\"Procijenjeno vrijeme \u010ditanja\" \/>\n\t<meta name=\"twitter:data1\" content=\"1 minuta\" \/>\n<script type=\"application\/ld+json\" class=\"yoast-schema-graph\">{\"@context\":\"https:\/\/schema.org\",\"@graph\":[{\"@type\":\"WebPage\",\"@id\":\"https:\/\/deanpelic.com\/product\/talk-with-me-11-1-session\/\",\"url\":\"https:\/\/deanpelic.com\/product\/talk-with-me-11-1-session\/\",\"name\":\"Talk with me 1:1 - 1 Session - Dean Pelic\",\"isPartOf\":{\"@id\":\"https:\/\/deanpelic.com\/#website\"},\"primaryImageOfPage\":{\"@id\":\"https:\/\/deanpelic.com\/product\/talk-with-me-11-1-session\/#primaryimage\"},\"image\":{\"@id\":\"https:\/\/deanpelic.com\/product\/talk-with-me-11-1-session\/#primaryimage\"},\"thumbnailUrl\":\"https:\/\/deanpelic.com\/wp-content\/uploads\/deanpeliccoaching.jpg\",\"datePublished\":\"2025-08-09T12:36:28+00:00\",\"dateModified\":\"2026-04-07T14:16:05+00:00\",\"breadcrumb\":{\"@id\":\"https:\/\/deanpelic.com\/product\/talk-with-me-11-1-session\/#breadcrumb\"},\"inLanguage\":\"hr\",\"potentialAction\":[{\"@type\":\"ReadAction\",\"target\":[\"https:\/\/deanpelic.com\/product\/talk-with-me-11-1-session\/\"]}]},{\"@type\":\"ImageObject\",\"inLanguage\":\"hr\",\"@id\":\"https:\/\/deanpelic.com\/product\/talk-with-me-11-1-session\/#primaryimage\",\"url\":\"https:\/\/deanpelic.com\/wp-content\/uploads\/deanpeliccoaching.jpg\",\"contentUrl\":\"https:\/\/deanpelic.com\/wp-content\/uploads\/deanpeliccoaching.jpg\",\"width\":600,\"height\":925},{\"@type\":\"BreadcrumbList\",\"@id\":\"https:\/\/deanpelic.com\/product\/talk-with-me-11-1-session\/#breadcrumb\",\"itemListElement\":[{\"@type\":\"ListItem\",\"position\":1,\"name\":\"Home\",\"item\":\"https:\/\/deanpelic.com\/\"},{\"@type\":\"ListItem\",\"position\":2,\"name\":\"Shop\",\"item\":\"https:\/\/deanpelic.com\/shop\/\"},{\"@type\":\"ListItem\",\"position\":3,\"name\":\"Talk with me 1:1 &#8211; 1 Session\"}]},{\"@type\":\"WebSite\",\"@id\":\"https:\/\/deanpelic.com\/#website\",\"url\":\"https:\/\/deanpelic.com\/\",\"name\":\"Dean Peli\u0107 - Official Site\",\"description\":\"Official Site\",\"potentialAction\":[{\"@type\":\"SearchAction\",\"target\":{\"@type\":\"EntryPoint\",\"urlTemplate\":\"https:\/\/deanpelic.com\/?s={search_term_string}\"},\"query-input\":{\"@type\":\"PropertyValueSpecification\",\"valueRequired\":true,\"valueName\":\"search_term_string\"}}],\"inLanguage\":\"hr\"}]}<\/script>\n<!-- \/ Yoast SEO plugin. -->","yoast_head_json":{"title":"Talk with me 1:1 - 1 Session - Dean Pelic","robots":{"index":"index","follow":"follow","max-snippet":"max-snippet:-1","max-image-preview":"max-image-preview:large","max-video-preview":"max-video-preview:-1"},"canonical":"https:\/\/deanpelic.com\/hr\/proizvod\/talk-with-me-11-1-session\/","og_locale":"hr_HR","og_type":"article","og_title":"Talk with me 1:1 - 1 Session - Dean Pelic","og_description":"1 session 60 min Google Meet video call Perfect for","og_url":"https:\/\/deanpelic.com\/hr\/proizvod\/talk-with-me-11-1-session\/","og_site_name":"Dean Pelic","article_publisher":"http:\/\/www.facebook.com\/DeanPelic","article_modified_time":"2026-04-07T14:16:05+00:00","og_image":[{"width":600,"height":925,"url":"https:\/\/deanpelic.com\/wp-content\/uploads\/deanpeliccoaching.jpg","type":"image\/jpeg"}],"twitter_card":"summary_large_image","twitter_site":"@DeanPelic","twitter_misc":{"Procijenjeno vrijeme \u010ditanja":"1 minuta"},"schema":{"@context":"https:\/\/schema.org","@graph":[{"@type":"WebPage","@id":"https:\/\/deanpelic.com\/product\/talk-with-me-11-1-session\/","url":"https:\/\/deanpelic.com\/product\/talk-with-me-11-1-session\/","name":"Talk with me 1:1 - 1 Session - Dean Pelic","isPartOf":{"@id":"https:\/\/deanpelic.com\/#website"},"primaryImageOfPage":{"@id":"https:\/\/deanpelic.com\/product\/talk-with-me-11-1-session\/#primaryimage"},"image":{"@id":"https:\/\/deanpelic.com\/product\/talk-with-me-11-1-session\/#primaryimage"},"thumbnailUrl":"https:\/\/deanpelic.com\/wp-content\/uploads\/deanpeliccoaching.jpg","datePublished":"2025-08-09T12:36:28+00:00","dateModified":"2026-04-07T14:16:05+00:00","breadcrumb":{"@id":"https:\/\/deanpelic.com\/product\/talk-with-me-11-1-session\/#breadcrumb"},"inLanguage":"hr","potentialAction":[{"@type":"ReadAction","target":["https:\/\/deanpelic.com\/product\/talk-with-me-11-1-session\/"]}]},{"@type":"ImageObject","inLanguage":"hr","@id":"https:\/\/deanpelic.com\/product\/talk-with-me-11-1-session\/#primaryimage","url":"https:\/\/deanpelic.com\/wp-content\/uploads\/deanpeliccoaching.jpg","contentUrl":"https:\/\/deanpelic.com\/wp-content\/uploads\/deanpeliccoaching.jpg","width":600,"height":925},{"@type":"BreadcrumbList","@id":"https:\/\/deanpelic.com\/product\/talk-with-me-11-1-session\/#breadcrumb","itemListElement":[{"@type":"ListItem","position":1,"name":"Home","item":"https:\/\/deanpelic.com\/"},{"@type":"ListItem","position":2,"name":"Shop","item":"https:\/\/deanpelic.com\/shop\/"},{"@type":"ListItem","position":3,"name":"Talk with me 1:1 &#8211; 1 Session"}]},{"@type":"WebSite","@id":"https:\/\/deanpelic.com\/#website","url":"https:\/\/deanpelic.com\/","name":"Dean Peli\u0107 - Official Site","description":"Official Site","potentialAction":[{"@type":"SearchAction","target":{"@type":"EntryPoint","urlTemplate":"https:\/\/deanpelic.com\/?s={search_term_string}"},"query-input":{"@type":"PropertyValueSpecification","valueRequired":true,"valueName":"search_term_string"}}],"inLanguage":"hr"}]}},"jetpack_sharing_enabled":true,"_links":{"self":[{"href":"https:\/\/deanpelic.com\/hr\/wp-json\/wp\/v2\/product\/52932","targetHints":{"allow":["GET"]}}],"collection":[{"href":"https:\/\/deanpelic.com\/hr\/wp-json\/wp\/v2\/product"}],"about":[{"href":"https:\/\/deanpelic.com\/hr\/wp-json\/wp\/v2\/types\/product"}],"wp:featuredmedia":[{"embeddable":true,"href":"https:\/\/deanpelic.com\/hr\/wp-json\/wp\/v2\/media\/53239"}],"wp:attachment":[{"href":"https:\/\/deanpelic.com\/hr\/wp-json\/wp\/v2\/media?parent=52932"}],"wp:term":[{"taxonomy":"product_brand","embeddable":true,"href":"https:\/\/deanpelic.com\/hr\/wp-json\/wp\/v2\/product_brand?post=52932"},{"taxonomy":"product_cat","embeddable":true,"href":"https:\/\/deanpelic.com\/hr\/wp-json\/wp\/v2\/product_cat?post=52932"},{"taxonomy":"product_tag","embeddable":true,"href":"https:\/\/deanpelic.com\/hr\/wp-json\/wp\/v2\/product_tag?post=52932"}],"curies":[{"name":"wp","href":"https:\/\/api.w.org\/{rel}","templated":true}]}}