{"id":53331,"date":"2025-11-06T12:57:47","date_gmt":"2025-11-06T11:57:47","guid":{"rendered":"https:\/\/deanpelic.com\/?post_type=product&#038;p=53331"},"modified":"2026-04-07T14:37:50","modified_gmt":"2026-04-07T12:37:50","slug":"tebi-i-sebi","status":"publish","type":"product","link":"https:\/\/deanpelic.com\/hr\/proizvod\/tebi-i-sebi\/","title":{"rendered":"Tebi i Sebi (obje knjige)"},"content":{"rendered":"<p style=\"text-align: justify;\"><span style=\"font-size: 10pt;\"><strong>*knjige s potpisom autora.<\/strong><\/span><\/p>\n<p style=\"text-align: justify;\"><em>(ukoliko imate bilo kakvih pitanja oko narud\u017ebe ili trebate pomo\u0107 oko iste, slobodno nam se obratite na <\/em>webshop@deanpelic.com. <em>knjige se \u0161alju po\u0161tom ili GLS-om. ukoliko se dostavlja GLS-om, cijena dostave je ista za narud\u017ebu vi\u0161e primjeraka knjige)<\/em><\/p>\n<p style=\"text-align: justify;\">Obje knjige, <strong>Tebi<\/strong> i <strong>Sebi<\/strong>.<\/p>\n<p style=\"text-align: justify;\"><a href=\"https:\/\/deanpelic.com\/hr\/proizvod\/tebi\/\" target=\"_blank\" rel=\"noopener\">Knjiga Tebi<\/a>: &#8220;<em>Bestseller prodan u vi\u0161e od 15 000 primjeraka.<\/em> Krajem 2015. godine Dean izdaje dugoo\u010dekivanu knjigu \u201cNjegova strana pri\u010de Tebi\u201d koja i prije samog izlaska ru\u0161i rekord najprodavanije knjige u pretprodaji, Grey. Nekoliko tjedana kasnije, knjiga dobiva status bestsellera, a mjesecima nakon, knjiga i dalje \u010dvrsto stoji na prvoj poziciji najprodavanijih knjiga i dalje odu\u0161evljavaju\u0107i \u010ditatelje\u00a0diljem Hrvatske ali i regije.\u00a0Drugo izdanje knjige, objavljeno 2017. godine, ru\u0161i prethodno postavljen rekord u pretprodaji, s prodanih vi\u0161e od 700 primjeraka u samo 24 sata.\u00a0Potra\u017enja za knjigom je tolika da se, i prije no \u0161to je knjiga stigla na police, ve\u0107 ide u novi tisak.&#8221;<\/p>\n<p style=\"text-align: justify;\"><a href=\"https:\/\/deanpelic.com\/hr\/proizvod\/sebi\/\" target=\"_blank\" rel=\"noopener\">Knjiga Sebi<\/a>: &#8220;Dugoo\u010dekivani nastavak napokon u prodaji. Sebi, kako sam autor ka\u017ee, knjiga je o ljubavi, prekidu, prebolijevanju, promjeni, vra\u0107anju na noge, samosvjesnosti te kona\u010dnom povratku sebi. Sebi je sloboda, sebi je katarza, sebi je optimizam, sebi je onaj \u0161apat koji ti je trebao, onaj lagani vjetar u ledja koji si \u010dekala odnosno \u010dekao da kona\u010dno krene\u0161 dalje. Svoja, odnosno svoj. Jer ne treba ti nitko, realno. Drugi prolaze. Ti ostaje\u0161. Sebi.&#8221;<\/p>","protected":false},"excerpt":{"rendered":"<p>*knjige s potpisom autora. (ukoliko imate bilo kakvih pitanja oko<\/p>","protected":false},"featured_media":50901,"template":"","meta":[],"product_brand":[],"product_cat":[411],"product_tag":[],"class_list":{"0":"post-53331","1":"product","2":"type-product","3":"status-publish","4":"has-post-thumbnail","6":"product_cat-books","8":"first","9":"instock","10":"featured","11":"shipping-taxable","12":"product-type-grouped"},"yoast_head":"<!-- This site is optimized with the Yoast SEO plugin v26.2 - https:\/\/yoast.com\/wordpress\/plugins\/seo\/ -->\n<title>Tebi i Sebi (obje knjige) - Dean Pelic<\/title>\n<meta name=\"robots\" content=\"index, follow, max-snippet:-1, max-image-preview:large, max-video-preview:-1\" \/>\n<link rel=\"canonical\" href=\"https:\/\/deanpelic.com\/hr\/proizvod\/tebi-i-sebi\/\" \/>\n<meta property=\"og:locale\" content=\"hr_HR\" \/>\n<meta property=\"og:type\" content=\"article\" \/>\n<meta property=\"og:title\" content=\"Tebi i Sebi (obje knjige) - Dean Pelic\" \/>\n<meta property=\"og:description\" content=\"*knjige s potpisom autora. (ukoliko imate bilo kakvih pitanja oko\" \/>\n<meta property=\"og:url\" content=\"https:\/\/deanpelic.com\/hr\/proizvod\/tebi-i-sebi\/\" \/>\n<meta property=\"og:site_name\" content=\"Dean Pelic\" \/>\n<meta property=\"article:publisher\" content=\"http:\/\/www.facebook.com\/DeanPelic\" \/>\n<meta property=\"article:modified_time\" content=\"2026-04-07T12:37:50+00:00\" \/>\n<meta property=\"og:image\" content=\"https:\/\/deanpelic.com\/wp-content\/uploads\/TebiSebi.jpg\" \/>\n\t<meta property=\"og:image:width\" content=\"600\" \/>\n\t<meta property=\"og:image:height\" content=\"925\" \/>\n\t<meta property=\"og:image:type\" content=\"image\/jpeg\" \/>\n<meta name=\"twitter:card\" content=\"summary_large_image\" \/>\n<meta name=\"twitter:site\" content=\"@DeanPelic\" \/>\n<meta name=\"twitter:label1\" content=\"Procijenjeno vrijeme \u010ditanja\" \/>\n\t<meta name=\"twitter:data1\" content=\"2 minute\" \/>\n<script type=\"application\/ld+json\" class=\"yoast-schema-graph\">{\"@context\":\"https:\/\/schema.org\",\"@graph\":[{\"@type\":\"WebPage\",\"@id\":\"https:\/\/deanpelic.com\/product\/tebi-i-sebi\/\",\"url\":\"https:\/\/deanpelic.com\/product\/tebi-i-sebi\/\",\"name\":\"Tebi i Sebi (obje knjige) - Dean Pelic\",\"isPartOf\":{\"@id\":\"https:\/\/deanpelic.com\/#website\"},\"primaryImageOfPage\":{\"@id\":\"https:\/\/deanpelic.com\/product\/tebi-i-sebi\/#primaryimage\"},\"image\":{\"@id\":\"https:\/\/deanpelic.com\/product\/tebi-i-sebi\/#primaryimage\"},\"thumbnailUrl\":\"https:\/\/deanpelic.com\/wp-content\/uploads\/TebiSebi.jpg\",\"datePublished\":\"2025-11-06T11:57:47+00:00\",\"dateModified\":\"2026-04-07T12:37:50+00:00\",\"breadcrumb\":{\"@id\":\"https:\/\/deanpelic.com\/product\/tebi-i-sebi\/#breadcrumb\"},\"inLanguage\":\"hr\",\"potentialAction\":[{\"@type\":\"ReadAction\",\"target\":[\"https:\/\/deanpelic.com\/product\/tebi-i-sebi\/\"]}]},{\"@type\":\"ImageObject\",\"inLanguage\":\"hr\",\"@id\":\"https:\/\/deanpelic.com\/product\/tebi-i-sebi\/#primaryimage\",\"url\":\"https:\/\/deanpelic.com\/wp-content\/uploads\/TebiSebi.jpg\",\"contentUrl\":\"https:\/\/deanpelic.com\/wp-content\/uploads\/TebiSebi.jpg\",\"width\":600,\"height\":925,\"caption\":\"Dean Peli\u0107 Tebi i Sebi\"},{\"@type\":\"BreadcrumbList\",\"@id\":\"https:\/\/deanpelic.com\/product\/tebi-i-sebi\/#breadcrumb\",\"itemListElement\":[{\"@type\":\"ListItem\",\"position\":1,\"name\":\"Home\",\"item\":\"https:\/\/deanpelic.com\/\"},{\"@type\":\"ListItem\",\"position\":2,\"name\":\"Shop\",\"item\":\"https:\/\/deanpelic.com\/shop\/\"},{\"@type\":\"ListItem\",\"position\":3,\"name\":\"Tebi i Sebi (obje knjige)\"}]},{\"@type\":\"WebSite\",\"@id\":\"https:\/\/deanpelic.com\/#website\",\"url\":\"https:\/\/deanpelic.com\/\",\"name\":\"Dean Peli\u0107 - Official Site\",\"description\":\"Official Site\",\"potentialAction\":[{\"@type\":\"SearchAction\",\"target\":{\"@type\":\"EntryPoint\",\"urlTemplate\":\"https:\/\/deanpelic.com\/?s={search_term_string}\"},\"query-input\":{\"@type\":\"PropertyValueSpecification\",\"valueRequired\":true,\"valueName\":\"search_term_string\"}}],\"inLanguage\":\"hr\"}]}<\/script>\n<!-- \/ Yoast SEO plugin. -->","yoast_head_json":{"title":"Tebi i Sebi (obje knjige) - Dean Pelic","robots":{"index":"index","follow":"follow","max-snippet":"max-snippet:-1","max-image-preview":"max-image-preview:large","max-video-preview":"max-video-preview:-1"},"canonical":"https:\/\/deanpelic.com\/hr\/proizvod\/tebi-i-sebi\/","og_locale":"hr_HR","og_type":"article","og_title":"Tebi i Sebi (obje knjige) - Dean Pelic","og_description":"*knjige s potpisom autora. (ukoliko imate bilo kakvih pitanja oko","og_url":"https:\/\/deanpelic.com\/hr\/proizvod\/tebi-i-sebi\/","og_site_name":"Dean Pelic","article_publisher":"http:\/\/www.facebook.com\/DeanPelic","article_modified_time":"2026-04-07T12:37:50+00:00","og_image":[{"width":600,"height":925,"url":"https:\/\/deanpelic.com\/wp-content\/uploads\/TebiSebi.jpg","type":"image\/jpeg"}],"twitter_card":"summary_large_image","twitter_site":"@DeanPelic","twitter_misc":{"Procijenjeno vrijeme \u010ditanja":"2 minute"},"schema":{"@context":"https:\/\/schema.org","@graph":[{"@type":"WebPage","@id":"https:\/\/deanpelic.com\/product\/tebi-i-sebi\/","url":"https:\/\/deanpelic.com\/product\/tebi-i-sebi\/","name":"Tebi i Sebi (obje knjige) - Dean Pelic","isPartOf":{"@id":"https:\/\/deanpelic.com\/#website"},"primaryImageOfPage":{"@id":"https:\/\/deanpelic.com\/product\/tebi-i-sebi\/#primaryimage"},"image":{"@id":"https:\/\/deanpelic.com\/product\/tebi-i-sebi\/#primaryimage"},"thumbnailUrl":"https:\/\/deanpelic.com\/wp-content\/uploads\/TebiSebi.jpg","datePublished":"2025-11-06T11:57:47+00:00","dateModified":"2026-04-07T12:37:50+00:00","breadcrumb":{"@id":"https:\/\/deanpelic.com\/product\/tebi-i-sebi\/#breadcrumb"},"inLanguage":"hr","potentialAction":[{"@type":"ReadAction","target":["https:\/\/deanpelic.com\/product\/tebi-i-sebi\/"]}]},{"@type":"ImageObject","inLanguage":"hr","@id":"https:\/\/deanpelic.com\/product\/tebi-i-sebi\/#primaryimage","url":"https:\/\/deanpelic.com\/wp-content\/uploads\/TebiSebi.jpg","contentUrl":"https:\/\/deanpelic.com\/wp-content\/uploads\/TebiSebi.jpg","width":600,"height":925,"caption":"Dean Peli\u0107 Tebi i Sebi"},{"@type":"BreadcrumbList","@id":"https:\/\/deanpelic.com\/product\/tebi-i-sebi\/#breadcrumb","itemListElement":[{"@type":"ListItem","position":1,"name":"Home","item":"https:\/\/deanpelic.com\/"},{"@type":"ListItem","position":2,"name":"Shop","item":"https:\/\/deanpelic.com\/shop\/"},{"@type":"ListItem","position":3,"name":"Tebi i Sebi (obje knjige)"}]},{"@type":"WebSite","@id":"https:\/\/deanpelic.com\/#website","url":"https:\/\/deanpelic.com\/","name":"Dean Peli\u0107 - Official Site","description":"Official Site","potentialAction":[{"@type":"SearchAction","target":{"@type":"EntryPoint","urlTemplate":"https:\/\/deanpelic.com\/?s={search_term_string}"},"query-input":{"@type":"PropertyValueSpecification","valueRequired":true,"valueName":"search_term_string"}}],"inLanguage":"hr"}]}},"jetpack_sharing_enabled":true,"_links":{"self":[{"href":"https:\/\/deanpelic.com\/hr\/wp-json\/wp\/v2\/product\/53331","targetHints":{"allow":["GET"]}}],"collection":[{"href":"https:\/\/deanpelic.com\/hr\/wp-json\/wp\/v2\/product"}],"about":[{"href":"https:\/\/deanpelic.com\/hr\/wp-json\/wp\/v2\/types\/product"}],"wp:featuredmedia":[{"embeddable":true,"href":"https:\/\/deanpelic.com\/hr\/wp-json\/wp\/v2\/media\/50901"}],"wp:attachment":[{"href":"https:\/\/deanpelic.com\/hr\/wp-json\/wp\/v2\/media?parent=53331"}],"wp:term":[{"taxonomy":"product_brand","embeddable":true,"href":"https:\/\/deanpelic.com\/hr\/wp-json\/wp\/v2\/product_brand?post=53331"},{"taxonomy":"product_cat","embeddable":true,"href":"https:\/\/deanpelic.com\/hr\/wp-json\/wp\/v2\/product_cat?post=53331"},{"taxonomy":"product_tag","embeddable":true,"href":"https:\/\/deanpelic.com\/hr\/wp-json\/wp\/v2\/product_tag?post=53331"}],"curies":[{"name":"wp","href":"https:\/\/api.w.org\/{rel}","templated":true}]}}