{"id":7240,"date":"2019-02-01T17:27:41","date_gmt":"2019-02-01T16:27:41","guid":{"rendered":"https:\/\/deanpelic.com\/?post_type=product&#038;p=7240"},"modified":"2026-04-07T14:39:05","modified_gmt":"2026-04-07T12:39:05","slug":"tebi","status":"publish","type":"product","link":"https:\/\/deanpelic.com\/hr\/proizvod\/tebi\/","title":{"rendered":"Tebi"},"content":{"rendered":"<p style=\"text-align: justify;\"><span style=\"font-size: 10pt;\"><strong>*knjiga s potpisom autora.<\/strong><\/span><\/p>\n<p style=\"text-align: justify;\"><em>(ukoliko imate bilo kakvih pitanja oko narud\u017ebe ili trebate pomo\u0107 oko iste, slobodno nam se obratite na webshop@deanpelic.com. knjige se \u0161alju po\u0161tom ili GLS-om. ukoliko se dostavlja GLS-om, cijena dostave je ista za narud\u017ebu vi\u0161e primjeraka knjige)<\/em><\/p>\n<p style=\"text-align: justify;\"><strong>Bestseller prodan u vi\u0161e od 15 000 primjeraka.<\/strong><\/p>\n<p style=\"text-align: justify;\">&#8220;..Krajem 2015. godine Dean izdaje dugoo\u010dekivanu knjigu \u201cNjegova strana pri\u010de Tebi\u201d koja i prije samog izlaska ru\u0161i rekord najprodavanije knjige u pretprodaji, Grey. Nekoliko tjedana kasnije, knjiga dobiva status bestsellera, a mjesecima nakon, knjiga i dalje \u010dvrsto stoji na prvoj poziciji najprodavanijih knjiga i dalje odu\u0161evljavaju\u0107i \u010ditatelje\u00a0diljem Hrvatske ali i regije.\u00a0Drugo izdanje knjige, objavljeno 2017. godine, ru\u0161i prethodno postavljen rekord u pretprodaji, s prodanih vi\u0161e od 700 primjeraka u samo 24 sata.\u00a0Potra\u017enja za knjigom je tolika da se, i prije no \u0161to je knjiga stigla na police, ve\u0107 ide u novi tisak.&#8221;<\/p>\n<p style=\"text-align: justify;\">Ako kroz tjedne kolumne Deana Peli\u0107a jo\u0161 niste otkrili koja je Deanova strana pri\u010de, vrijeme je da saznate. Njegova strana pri\u010de dirnut \u0107e i Tebe. I to kroz knjigu. Naime, na\u0161 poznati maneken, kolumnist i TV voditelj, Dean Peli\u0107, odlu\u010dio je ukori\u010diti izabrane kolumne i objaviti ih u knjizi &#8220;Njegova strana pri\u010de Tebi&#8221;.<br \/>\nOvo zanimljivo \u0161tivo u izdanju Menarta potaknut \u0107e sve \u010ditatelje na neka nova razmi\u0161ljanja, probuditi neke nove nade i uvesti ih u svijet jo\u0161 uvijek postoje\u0107ih d\u017eentlmena. Me\u0111u tisu\u0107ama obo\u017eavateljica, ali i obo\u017eavatelja su i poznate hrvatske dame koje je Njegova strana pri\u010de jednostavno odu\u0161evila:<\/p>\n<p style=\"text-align: justify;\"><em>&#8220;U vremenu kada je potra\u017enja za onim \u0161to je o\u010dima vidljivo glasnija nego ikada prije, pogled mi je jednom pao na kolumne Deana Peli\u0107a. Romanti\u010dno. Ljubavno. \u010ceznutljivo. Banalno? Nikako! Veliki lajk za svaku du\u0161u koja traga i \u010dezne za onim \u0161to je o\u010dima nevidljivo, a samo je srcu poznato.&#8221;<\/em>, <strong>Nina Badri\u0107<br \/>\n<\/strong><br \/>\n<em>\u201cVjerujem da \u0107e ovo \u0161tivo rado \u010ditati \u017eene &#8211; napokon netko tko ih jako razumije, kao melem na ranu. No nadasve bi bilo korisno, i to jako preporu\u010dam, da Njegovu stranu pri\u010de pa\u017eljivo \u010ditaju mu\u0161karci! Jer upravo tako bi trebalo razumjeti nju iz njegove perspektive.&#8221;<\/em>, <strong>Ton\u010dica \u010celjuska<br \/>\n<\/strong><br \/>\n<em>\u201cNjegova strana, druga strana, protivni\u010dka strana, neprijateljska strana? No, nije ba\u0161 tako bilo! I on je za miroljubivu koegzistenciju. I on bi volio da je \u017eivot cvjetna livada. Svoja promi\u0161ljanja, iskustva, dvojbe hrabro dijeli s jednima i drugima. I navija za sebe i nas.\u201d<\/em>, <strong>Daniela Trbovi\u0107<\/strong><\/p>\n<p style=\"text-align: justify;\">Rije\u010di Nine, Ton\u010dice i Daniele ujedno otkrivaju bit kolumni &#8220;Njegova strane pri\u010de&#8221; koje tjedno broje vi\u0161e od 20 tisu\u0107a \u010ditatelja! Uz izbor hvaljenih kolumni, Dean je svojoj publici pripremio i iznena\u0111enje &#8211; u knjizi \u0107e objaviti novu, jo\u0161 neobjavljenu kolumnu kao i pjesmu iz jo\u0161 neobjavljene zbirke pjesama!<\/p>\n<p style=\"text-align: justify;\"><strong>Njegova strana pri\u010de Tebi<\/strong> otkako je iza\u0161la ni\u017ee rekorde. Evo koji su neki od uspjeha koje je postigla u vrlo kratkom vremenu:<\/p>\n<p style=\"text-align: justify;\">\u25aa\ufe0fU samo nekoliko dana pretprodaje, prodano je vi\u0161e od 400 primjeraka \u0161to je sru\u0161ilo rekord koji je do tada dr\u017eala knjiga Grey<\/p>\n<p style=\"text-align: justify;\">\u25aa\ufe0fNajprodavaniji pretprodajni naslov godine, i drugi najprodavaniji pretprodajni naslov ikad<\/p>\n<p style=\"text-align: justify;\">\u25aa\ufe0fPotpisivanje na Interliberu nekoliko dana kasnije; vi\u0161e od stotinu \u010ditatelja do\u0161lo je na potpisivanje<\/p>\n<p style=\"text-align: justify;\">\u25aa\ufe0fGotovo dvije tisu\u0107e primjeraka prodano je u sljede\u0107a tri tjedna<\/p>\n<p style=\"text-align: justify;\">\u25aa\ufe0fTri tisu\u0107e primjeraka prodano je do prolje\u0107a; manje od \u0161est mjeseci<\/p>\n<p style=\"text-align: justify;\">\u25aa\ufe0fPotpisivanje knjige za Valentinovo<\/p>\n<p style=\"text-align: justify;\">\u25aa\ufe0fKnjiga se vodi kao bestseller<\/p>\n<p style=\"text-align: justify;\">\u25aa\ufe0fTri mjeseca na broju jedan naprodavanijih knjiga; od trenutka izlaska ne izlazi s ljestvice top 10 najprodavanijih<\/p>\n<p style=\"text-align: justify;\">\u25aa\ufe0fKnjiga se \u010dita u cijelom svijetu: Hrvatska, Bosna i Hercegovina, Srbija, Slovenija, Austrija, Njema\u010dka, Francuska, Velika Britanija, \u0160vedska, Danska, Italija, Irska, \u0160panjolska, Turska, Kina, Australija, Tajland, UAE, USA, Kanada<\/p>\n<p style=\"text-align: justify;\">\u25aa\ufe0fInstagram Hashtagovi #deanpelic #njegovastranaprice #njegovastranapricetebi sadrze nekoliko tisuca slika citata iz knjige<\/p>\n<p style=\"text-align: justify;\">\u25aa\ufe0fOd prolje\u0107a 2016, knjige vi\u0161e nema nigdje u prodaji. Drugo izdanje izlazi u Velja\u010di 2017.<\/p>\n<p style=\"text-align: justify;\">\u25aa\ufe0fU pretprodaji drugog izdanja knjige prodano je vi\u0161e od 700 primjeraka u samo 24h \u010dime je sru\u0161en rekord koji je knjiga Njegova strana pri\u010de Tebi postavila samo dvije godine ranije s pretprodajom prvog izdanja<\/p>\n<p style=\"text-align: justify;\">U\u017eivajte u knjizi i ne zaboravite podijeliti sliku omiljenog dijela teksta, citata, knjige ili vas kako ju \u010ditate, \u0161to god, na Instagram pod hashtag #deanpelic #njegovastranaprice #njegovastranapricetebi<\/p>\n<p style=\"text-align: justify;\">\u010citamo se i dalje u novim tekstovima na ovom blogu. Imate i pretplatu (subscribe) na blog skroz dolje ukoliko \u017eelite da prvi dobijete tekst na mejl.<\/p>\n<p style=\"text-align: justify;\"><em>Knjiga Njegova strana pri\u010de Tebi napisana je jednoj djevojci, ali preto\u010dena u tekst na na\u010din da se svaka djevojka mo\u017ee u njoj prona\u0107i.<\/em><\/p>\n<p style=\"text-align: justify;\"><em>Hvala Vam \u0161to ste dio te pri\u010de.<\/em><\/p>\n<p style=\"text-align: justify;\">Dean<\/p>","protected":false},"excerpt":{"rendered":"<p style=\"text-align: justify;\"><em>\u201cVjerujem da \u0107e ovo \u0161tivo rado \u010ditati \u017eene &#8211; napokon netko tko ih jako razumije, kao melem na ranu. No nadasve bi bilo korisno, i to jako preporu\u010dam, da Njegovu stranu pri\u010de pa\u017eljivo \u010ditaju mu\u0161karci! Jer upravo tako bi trebalo razumjeti nju iz njegove perspektive.&#8221; <\/em><\/p>\n<p style=\"text-align: justify;\">Krajem 2015. godine Dean izdaje dugoo\u010dekivanu knjigu \u201cNjegova strana pri\u010de Tebi\u201d koja i prije samog izlaska ru\u0161i rekord najprodavanije knjige u pretprodaji, Grey. Nekoliko tjedana kasnije, knjiga dobiva status bestsellera, a mjesecima nakon, knjiga i dalje \u010dvrsto stoji na prvoj poziciji najprodavanijih knjiga i dalje odu\u0161evljavaju\u0107i \u010ditatelje\u00a0diljem Hrvatske ali i regije. &#8220;<strong>Zaljubi se u du\u0161u. Tijelo svatko mo\u017ee imati.<\/strong>&#8220;<\/p>\n<p style=\"text-align: justify;\">Dostava za cijeli svijet.<\/p>","protected":false},"featured_media":50899,"template":"","meta":[],"product_brand":[],"product_cat":[411],"product_tag":[],"class_list":{"0":"post-7240","1":"product","2":"type-product","3":"status-publish","4":"has-post-thumbnail","6":"product_cat-books","8":"first","9":"instock","10":"purchasable","11":"product-type-simple"},"yoast_head":"<!-- This site is optimized with the Yoast SEO plugin v26.2 - https:\/\/yoast.com\/wordpress\/plugins\/seo\/ -->\n<title>Tebi - Dean Pelic<\/title>\n<meta name=\"description\" content=\"Knjiga Njegova strana pri\u010de Tebi, Dean Peli\u0107. Bestseller prodan u vi\u0161e od 10 000 primjeraka. Kupi ovdje. Dostava za cijeli svijet.\" \/>\n<meta name=\"robots\" content=\"index, follow, max-snippet:-1, max-image-preview:large, max-video-preview:-1\" \/>\n<link rel=\"canonical\" href=\"https:\/\/deanpelic.com\/hr\/proizvod\/tebi\/\" \/>\n<meta property=\"og:locale\" content=\"hr_HR\" \/>\n<meta property=\"og:type\" content=\"article\" \/>\n<meta property=\"og:title\" content=\"Tebi - Dean Pelic\" \/>\n<meta property=\"og:description\" content=\"Knjiga Njegova strana pri\u010de Tebi, Dean Peli\u0107. Bestseller prodan u vi\u0161e od 10 000 primjeraka. Kupi ovdje. Dostava za cijeli svijet.\" \/>\n<meta property=\"og:url\" content=\"https:\/\/deanpelic.com\/hr\/proizvod\/tebi\/\" \/>\n<meta property=\"og:site_name\" content=\"Dean Pelic\" \/>\n<meta property=\"article:publisher\" content=\"http:\/\/www.facebook.com\/DeanPelic\" \/>\n<meta property=\"article:modified_time\" content=\"2026-04-07T12:39:05+00:00\" \/>\n<meta property=\"og:image\" content=\"https:\/\/deanpelic.com\/wp-content\/uploads\/Tebi.jpg\" \/>\n\t<meta property=\"og:image:width\" content=\"600\" \/>\n\t<meta property=\"og:image:height\" content=\"925\" \/>\n\t<meta property=\"og:image:type\" content=\"image\/jpeg\" \/>\n<meta name=\"twitter:card\" content=\"summary_large_image\" \/>\n<meta name=\"twitter:site\" content=\"@DeanPelic\" \/>\n<meta name=\"twitter:label1\" content=\"Procijenjeno vrijeme \u010ditanja\" \/>\n\t<meta name=\"twitter:data1\" content=\"4 minute\" \/>\n<script type=\"application\/ld+json\" class=\"yoast-schema-graph\">{\"@context\":\"https:\/\/schema.org\",\"@graph\":[{\"@type\":\"WebPage\",\"@id\":\"https:\/\/deanpelic.com\/product\/tebi\/\",\"url\":\"https:\/\/deanpelic.com\/product\/tebi\/\",\"name\":\"Tebi - Dean Pelic\",\"isPartOf\":{\"@id\":\"https:\/\/deanpelic.com\/#website\"},\"primaryImageOfPage\":{\"@id\":\"https:\/\/deanpelic.com\/product\/tebi\/#primaryimage\"},\"image\":{\"@id\":\"https:\/\/deanpelic.com\/product\/tebi\/#primaryimage\"},\"thumbnailUrl\":\"https:\/\/deanpelic.com\/wp-content\/uploads\/Tebi.jpg\",\"datePublished\":\"2019-02-01T16:27:41+00:00\",\"dateModified\":\"2026-04-07T12:39:05+00:00\",\"description\":\"Knjiga Njegova strana pri\u010de Tebi, Dean Peli\u0107. Bestseller prodan u vi\u0161e od 10 000 primjeraka. Kupi ovdje. Dostava za cijeli svijet.\",\"breadcrumb\":{\"@id\":\"https:\/\/deanpelic.com\/product\/tebi\/#breadcrumb\"},\"inLanguage\":\"hr\",\"potentialAction\":[{\"@type\":\"ReadAction\",\"target\":[\"https:\/\/deanpelic.com\/product\/tebi\/\"]}]},{\"@type\":\"ImageObject\",\"inLanguage\":\"hr\",\"@id\":\"https:\/\/deanpelic.com\/product\/tebi\/#primaryimage\",\"url\":\"https:\/\/deanpelic.com\/wp-content\/uploads\/Tebi.jpg\",\"contentUrl\":\"https:\/\/deanpelic.com\/wp-content\/uploads\/Tebi.jpg\",\"width\":600,\"height\":925,\"caption\":\"Dean Peli\u0107 Tebi\"},{\"@type\":\"BreadcrumbList\",\"@id\":\"https:\/\/deanpelic.com\/product\/tebi\/#breadcrumb\",\"itemListElement\":[{\"@type\":\"ListItem\",\"position\":1,\"name\":\"Home\",\"item\":\"https:\/\/deanpelic.com\/\"},{\"@type\":\"ListItem\",\"position\":2,\"name\":\"Shop\",\"item\":\"https:\/\/deanpelic.com\/shop\/\"},{\"@type\":\"ListItem\",\"position\":3,\"name\":\"Tebi\"}]},{\"@type\":\"WebSite\",\"@id\":\"https:\/\/deanpelic.com\/#website\",\"url\":\"https:\/\/deanpelic.com\/\",\"name\":\"Dean Peli\u0107 - Official Site\",\"description\":\"Official Site\",\"potentialAction\":[{\"@type\":\"SearchAction\",\"target\":{\"@type\":\"EntryPoint\",\"urlTemplate\":\"https:\/\/deanpelic.com\/?s={search_term_string}\"},\"query-input\":{\"@type\":\"PropertyValueSpecification\",\"valueRequired\":true,\"valueName\":\"search_term_string\"}}],\"inLanguage\":\"hr\"}]}<\/script>\n<!-- \/ Yoast SEO plugin. -->","yoast_head_json":{"title":"Tebi - Dean Pelic","description":"Knjiga Njegova strana pri\u010de Tebi, Dean Peli\u0107. Bestseller prodan u vi\u0161e od 10 000 primjeraka. Kupi ovdje. Dostava za cijeli svijet.","robots":{"index":"index","follow":"follow","max-snippet":"max-snippet:-1","max-image-preview":"max-image-preview:large","max-video-preview":"max-video-preview:-1"},"canonical":"https:\/\/deanpelic.com\/hr\/proizvod\/tebi\/","og_locale":"hr_HR","og_type":"article","og_title":"Tebi - Dean Pelic","og_description":"Knjiga Njegova strana pri\u010de Tebi, Dean Peli\u0107. Bestseller prodan u vi\u0161e od 10 000 primjeraka. Kupi ovdje. Dostava za cijeli svijet.","og_url":"https:\/\/deanpelic.com\/hr\/proizvod\/tebi\/","og_site_name":"Dean Pelic","article_publisher":"http:\/\/www.facebook.com\/DeanPelic","article_modified_time":"2026-04-07T12:39:05+00:00","og_image":[{"width":600,"height":925,"url":"https:\/\/deanpelic.com\/wp-content\/uploads\/Tebi.jpg","type":"image\/jpeg"}],"twitter_card":"summary_large_image","twitter_site":"@DeanPelic","twitter_misc":{"Procijenjeno vrijeme \u010ditanja":"4 minute"},"schema":{"@context":"https:\/\/schema.org","@graph":[{"@type":"WebPage","@id":"https:\/\/deanpelic.com\/product\/tebi\/","url":"https:\/\/deanpelic.com\/product\/tebi\/","name":"Tebi - Dean Pelic","isPartOf":{"@id":"https:\/\/deanpelic.com\/#website"},"primaryImageOfPage":{"@id":"https:\/\/deanpelic.com\/product\/tebi\/#primaryimage"},"image":{"@id":"https:\/\/deanpelic.com\/product\/tebi\/#primaryimage"},"thumbnailUrl":"https:\/\/deanpelic.com\/wp-content\/uploads\/Tebi.jpg","datePublished":"2019-02-01T16:27:41+00:00","dateModified":"2026-04-07T12:39:05+00:00","description":"Knjiga Njegova strana pri\u010de Tebi, Dean Peli\u0107. Bestseller prodan u vi\u0161e od 10 000 primjeraka. Kupi ovdje. Dostava za cijeli svijet.","breadcrumb":{"@id":"https:\/\/deanpelic.com\/product\/tebi\/#breadcrumb"},"inLanguage":"hr","potentialAction":[{"@type":"ReadAction","target":["https:\/\/deanpelic.com\/product\/tebi\/"]}]},{"@type":"ImageObject","inLanguage":"hr","@id":"https:\/\/deanpelic.com\/product\/tebi\/#primaryimage","url":"https:\/\/deanpelic.com\/wp-content\/uploads\/Tebi.jpg","contentUrl":"https:\/\/deanpelic.com\/wp-content\/uploads\/Tebi.jpg","width":600,"height":925,"caption":"Dean Peli\u0107 Tebi"},{"@type":"BreadcrumbList","@id":"https:\/\/deanpelic.com\/product\/tebi\/#breadcrumb","itemListElement":[{"@type":"ListItem","position":1,"name":"Home","item":"https:\/\/deanpelic.com\/"},{"@type":"ListItem","position":2,"name":"Shop","item":"https:\/\/deanpelic.com\/shop\/"},{"@type":"ListItem","position":3,"name":"Tebi"}]},{"@type":"WebSite","@id":"https:\/\/deanpelic.com\/#website","url":"https:\/\/deanpelic.com\/","name":"Dean Peli\u0107 - Official Site","description":"Official Site","potentialAction":[{"@type":"SearchAction","target":{"@type":"EntryPoint","urlTemplate":"https:\/\/deanpelic.com\/?s={search_term_string}"},"query-input":{"@type":"PropertyValueSpecification","valueRequired":true,"valueName":"search_term_string"}}],"inLanguage":"hr"}]}},"jetpack_sharing_enabled":true,"_links":{"self":[{"href":"https:\/\/deanpelic.com\/hr\/wp-json\/wp\/v2\/product\/7240","targetHints":{"allow":["GET"]}}],"collection":[{"href":"https:\/\/deanpelic.com\/hr\/wp-json\/wp\/v2\/product"}],"about":[{"href":"https:\/\/deanpelic.com\/hr\/wp-json\/wp\/v2\/types\/product"}],"wp:featuredmedia":[{"embeddable":true,"href":"https:\/\/deanpelic.com\/hr\/wp-json\/wp\/v2\/media\/50899"}],"wp:attachment":[{"href":"https:\/\/deanpelic.com\/hr\/wp-json\/wp\/v2\/media?parent=7240"}],"wp:term":[{"taxonomy":"product_brand","embeddable":true,"href":"https:\/\/deanpelic.com\/hr\/wp-json\/wp\/v2\/product_brand?post=7240"},{"taxonomy":"product_cat","embeddable":true,"href":"https:\/\/deanpelic.com\/hr\/wp-json\/wp\/v2\/product_cat?post=7240"},{"taxonomy":"product_tag","embeddable":true,"href":"https:\/\/deanpelic.com\/hr\/wp-json\/wp\/v2\/product_tag?post=7240"}],"curies":[{"name":"wp","href":"https:\/\/api.w.org\/{rel}","templated":true}]}}