{"id":7546,"date":"2019-11-22T21:04:36","date_gmt":"2019-11-22T20:04:36","guid":{"rendered":"https:\/\/deanpelic.com\/?post_type=product&#038;p=7546"},"modified":"2026-04-07T14:38:51","modified_gmt":"2026-04-07T12:38:51","slug":"sebi","status":"publish","type":"product","link":"https:\/\/deanpelic.com\/hr\/proizvod\/sebi\/","title":{"rendered":"Sebi"},"content":{"rendered":"<p style=\"text-align: justify;\"><span style=\"font-size: 10pt;\"><strong>*knjiga s potpisom autora.<\/strong><\/span><\/p>\n<p style=\"text-align: justify;\"><em>(ukoliko imate bilo kakvih pitanja oko narud\u017ebe ili trebate pomo\u0107 oko iste, slobodno nam se obratite na webshop@deanpelic.com. knjige se \u0161alju po\u0161tom ili GLS-om. ukoliko se dostavlja GLS-om, cijena dostave je ista za narud\u017ebu vi\u0161e primjeraka knjige)<\/em><\/p>\n<p style=\"text-align: justify;\"><strong>Dugoo\u010dekivani nastavak napokon u prodaji<\/strong>. Sebi, kako sam autor ka\u017ee, knjiga je o ljubavi, prekidu, prebolijevanju, promjeni, vra\u0107anju na noge, samosvjesnosti te kona\u010dnom povratku sebi. Sebi je sloboda, sebi je katarza, sebi je optimizam, sebi je onaj \u0161apat koji ti je trebao, onaj lagani vjetar u ledja koji si \u010dekala odnosno \u010dekao da kona\u010dno krene\u0161 dalje. Svoja, odnosno svoj. Jer ne treba ti nitko, realno. <strong>Drugi prolaze. Ti ostaje\u0161. Sebi.<\/strong><\/p>\n<p style=\"text-align: justify;\">Iz pera samog autora o knjizi:<\/p>\n<p style=\"text-align: justify;\">&#8220;I zato ako mene pita\u0161, \u017eelim da se kroz ove tekstove, kroz moje iskustvo, \u010ditaju\u0107i ovu knjigu, vrati\u0161 sebi. I vrati\u0161 sebe na prvo mjesto. Tamo gdje i pripada\u0161 i tamo gdje jesi pripadala prije nego li su ti rekli druga\u010dije, obmanuli te druga\u010dijim, uvjerili u suprotno. Namjera mi je natjerati te da se zavoli\u0161. I da se voli\u0161 toliko jako da nikada ne\u0107e\u0161 dozvoliti ikom drugom da te voli manje od toga. I da po tome zna\u0161 razaznati pravo od krivog, vrijedno od bezvrijednog, dugoro\u010dno od kratkoro\u010dnog. \u017delim da se kroz dru\u017eenje s ovom knjigom osje\u0107a\u0161 sretno, voljeno i svoje. Da se nakon \u010ditanja na\u0111e\u0161 na novom putu, pravom putu, onom koji je tu zbog tebe. Da shvati\u0161 koliko si jaka, mo\u0107na i sve \u0161to mo\u017ee\u0161. Sama. I da ti za to nije potreban nitko. A posebno ne onaj koji tu i ne \u017eeli biti. Koji nije na tvom putu niti ga bira radi tebe. Volio bih da ti ova knjiga bude podsjetnik kada posumnja\u0161, kada zastane\u0161, kada ne zna\u0161\u2026 Da mo\u017ee\u0161. Da zna\u0161. Da bude\u0161 sigurna. Da se podsjeti\u0161 da si ti ta koja bira. Sebi.<\/p>\n<p style=\"text-align: justify;\">Vodim te kroz pri\u010de o ljubavi i prekidu. Besanim no\u0107ima i poku\u0161avanju razumijevanja. Vje\u010ditim analiziranjima i polemikama. Slomljenom srcu, odljubljivanju i konstantom vra\u0107anju. Mislima no\u0107u kada ostaje\u0161 sama sa sobom. Zaklju\u010dcima koje donosi\u0161, shva\u0107anjima i odlu\u010dnosti kada zna\u0161 \u0161to vi\u0161e ne \u017eeli\u0161. Vodim te kroz pri\u010de o promjeni, kroz pri\u010de o samosvjesnosti, kroz pri\u010de o tome kako zavoljeti sebe. Prolazim kroz svoje iskustvo, kroz svoje misli i vra\u0107am te na put\u2026 Tamo gdje ti jesi. Prolazim i ne vra\u0107am se vi\u0161e. Vodim te sa sobom, u nadi da se ni ti vi\u0161e ne\u0107e\u0161 po\u017eeljeti vratiti na ono \u0161to si bila, na ono \u0161to si pro\u0161la. Jednom je dovoljno.<\/p>\n<p style=\"text-align: justify;\">Ovime knjiga po\u010dinje, a time ujedno zavr\u0161ava jedno poglavlje, jedna ljubav, jedna lekcija, jedna verzija tebe. Kraj je. A onda i novi po\u010detak nakon svega pro\u010ditanog.&#8221;<\/p>","protected":false},"excerpt":{"rendered":"<p style=\"text-align: justify;\"><strong>Dugoo\u010dekivani nastavak napokon u prodaji.<\/strong><\/p>\n<p style=\"text-align: justify;\">Sebi, kako sam autor ka\u017ee, knjiga je o ljubavi, prekidu, prebolijevanju, promjeni, vra\u0107anju na noge, samosvjesnosti te kona\u010dnom povratku sebi.<\/p>\n<p style=\"text-align: justify;\">Sebi je sloboda, sebi je katarza, sebi je optimizam, sebi je onaj \u0161apat koji ti je trebao, onaj lagani vjetar u ledja koji si \u010dekala odnosno \u010dekao da kona\u010dno krene\u0161 dalje. Svoja, odnosno svoj. Jer ne treba ti nitko, realno. <strong>Drugi prolaze. Ti ostaje\u0161. Sebi.<\/strong><\/p>\n<p style=\"text-align: justify;\">Dostava za cijeli svijet.<\/p>","protected":false},"featured_media":50898,"template":"","meta":[],"product_brand":[],"product_cat":[411],"product_tag":[],"class_list":{"0":"post-7546","1":"product","2":"type-product","3":"status-publish","4":"has-post-thumbnail","6":"product_cat-books","8":"first","9":"instock","10":"purchasable","11":"product-type-simple"},"yoast_head":"<!-- This site is optimized with the Yoast SEO plugin v26.2 - https:\/\/yoast.com\/wordpress\/plugins\/seo\/ -->\n<title>Sebi - Dean Pelic<\/title>\n<meta name=\"description\" content=\"Knjiga Sebi, Dean Peli\u0107, nastavak bestsellera Njegova strana pri\u010de Tebi. Kupi knjigu ovdje. Dostava za cijeli svijet.\" \/>\n<meta name=\"robots\" content=\"index, follow, max-snippet:-1, max-image-preview:large, max-video-preview:-1\" \/>\n<link rel=\"canonical\" href=\"https:\/\/deanpelic.com\/hr\/proizvod\/sebi\/\" \/>\n<meta property=\"og:locale\" content=\"hr_HR\" \/>\n<meta property=\"og:type\" content=\"article\" \/>\n<meta property=\"og:title\" content=\"Sebi - Dean Pelic\" \/>\n<meta property=\"og:description\" content=\"Knjiga Sebi, Dean Peli\u0107, nastavak bestsellera Njegova strana pri\u010de Tebi. Kupi knjigu ovdje. Dostava za cijeli svijet.\" \/>\n<meta property=\"og:url\" content=\"https:\/\/deanpelic.com\/hr\/proizvod\/sebi\/\" \/>\n<meta property=\"og:site_name\" content=\"Dean Pelic\" \/>\n<meta property=\"article:publisher\" content=\"http:\/\/www.facebook.com\/DeanPelic\" \/>\n<meta property=\"article:modified_time\" content=\"2026-04-07T12:38:51+00:00\" \/>\n<meta property=\"og:image\" content=\"https:\/\/deanpelic.com\/wp-content\/uploads\/Sebi.jpg\" \/>\n\t<meta property=\"og:image:width\" content=\"600\" \/>\n\t<meta property=\"og:image:height\" content=\"925\" \/>\n\t<meta property=\"og:image:type\" content=\"image\/jpeg\" \/>\n<meta name=\"twitter:card\" content=\"summary_large_image\" \/>\n<meta name=\"twitter:site\" content=\"@DeanPelic\" \/>\n<meta name=\"twitter:label1\" content=\"Procijenjeno vrijeme \u010ditanja\" \/>\n\t<meta name=\"twitter:data1\" content=\"3 minute\" \/>\n<script type=\"application\/ld+json\" class=\"yoast-schema-graph\">{\"@context\":\"https:\/\/schema.org\",\"@graph\":[{\"@type\":\"WebPage\",\"@id\":\"https:\/\/deanpelic.com\/product\/sebi\/\",\"url\":\"https:\/\/deanpelic.com\/product\/sebi\/\",\"name\":\"Sebi - Dean Pelic\",\"isPartOf\":{\"@id\":\"https:\/\/deanpelic.com\/#website\"},\"primaryImageOfPage\":{\"@id\":\"https:\/\/deanpelic.com\/product\/sebi\/#primaryimage\"},\"image\":{\"@id\":\"https:\/\/deanpelic.com\/product\/sebi\/#primaryimage\"},\"thumbnailUrl\":\"https:\/\/deanpelic.com\/wp-content\/uploads\/Sebi.jpg\",\"datePublished\":\"2019-11-22T20:04:36+00:00\",\"dateModified\":\"2026-04-07T12:38:51+00:00\",\"description\":\"Knjiga Sebi, Dean Peli\u0107, nastavak bestsellera Njegova strana pri\u010de Tebi. Kupi knjigu ovdje. Dostava za cijeli svijet.\",\"breadcrumb\":{\"@id\":\"https:\/\/deanpelic.com\/product\/sebi\/#breadcrumb\"},\"inLanguage\":\"hr\",\"potentialAction\":[{\"@type\":\"ReadAction\",\"target\":[\"https:\/\/deanpelic.com\/product\/sebi\/\"]}]},{\"@type\":\"ImageObject\",\"inLanguage\":\"hr\",\"@id\":\"https:\/\/deanpelic.com\/product\/sebi\/#primaryimage\",\"url\":\"https:\/\/deanpelic.com\/wp-content\/uploads\/Sebi.jpg\",\"contentUrl\":\"https:\/\/deanpelic.com\/wp-content\/uploads\/Sebi.jpg\",\"width\":600,\"height\":925,\"caption\":\"Dean Peli\u0107 Sebi\"},{\"@type\":\"BreadcrumbList\",\"@id\":\"https:\/\/deanpelic.com\/product\/sebi\/#breadcrumb\",\"itemListElement\":[{\"@type\":\"ListItem\",\"position\":1,\"name\":\"Home\",\"item\":\"https:\/\/deanpelic.com\/\"},{\"@type\":\"ListItem\",\"position\":2,\"name\":\"Shop\",\"item\":\"https:\/\/deanpelic.com\/shop\/\"},{\"@type\":\"ListItem\",\"position\":3,\"name\":\"Sebi\"}]},{\"@type\":\"WebSite\",\"@id\":\"https:\/\/deanpelic.com\/#website\",\"url\":\"https:\/\/deanpelic.com\/\",\"name\":\"Dean Peli\u0107 - Official Site\",\"description\":\"Official Site\",\"potentialAction\":[{\"@type\":\"SearchAction\",\"target\":{\"@type\":\"EntryPoint\",\"urlTemplate\":\"https:\/\/deanpelic.com\/?s={search_term_string}\"},\"query-input\":{\"@type\":\"PropertyValueSpecification\",\"valueRequired\":true,\"valueName\":\"search_term_string\"}}],\"inLanguage\":\"hr\"}]}<\/script>\n<!-- \/ Yoast SEO plugin. -->","yoast_head_json":{"title":"Sebi - Dean Pelic","description":"Knjiga Sebi, Dean Peli\u0107, nastavak bestsellera Njegova strana pri\u010de Tebi. Kupi knjigu ovdje. Dostava za cijeli svijet.","robots":{"index":"index","follow":"follow","max-snippet":"max-snippet:-1","max-image-preview":"max-image-preview:large","max-video-preview":"max-video-preview:-1"},"canonical":"https:\/\/deanpelic.com\/hr\/proizvod\/sebi\/","og_locale":"hr_HR","og_type":"article","og_title":"Sebi - Dean Pelic","og_description":"Knjiga Sebi, Dean Peli\u0107, nastavak bestsellera Njegova strana pri\u010de Tebi. Kupi knjigu ovdje. Dostava za cijeli svijet.","og_url":"https:\/\/deanpelic.com\/hr\/proizvod\/sebi\/","og_site_name":"Dean Pelic","article_publisher":"http:\/\/www.facebook.com\/DeanPelic","article_modified_time":"2026-04-07T12:38:51+00:00","og_image":[{"width":600,"height":925,"url":"https:\/\/deanpelic.com\/wp-content\/uploads\/Sebi.jpg","type":"image\/jpeg"}],"twitter_card":"summary_large_image","twitter_site":"@DeanPelic","twitter_misc":{"Procijenjeno vrijeme \u010ditanja":"3 minute"},"schema":{"@context":"https:\/\/schema.org","@graph":[{"@type":"WebPage","@id":"https:\/\/deanpelic.com\/product\/sebi\/","url":"https:\/\/deanpelic.com\/product\/sebi\/","name":"Sebi - Dean Pelic","isPartOf":{"@id":"https:\/\/deanpelic.com\/#website"},"primaryImageOfPage":{"@id":"https:\/\/deanpelic.com\/product\/sebi\/#primaryimage"},"image":{"@id":"https:\/\/deanpelic.com\/product\/sebi\/#primaryimage"},"thumbnailUrl":"https:\/\/deanpelic.com\/wp-content\/uploads\/Sebi.jpg","datePublished":"2019-11-22T20:04:36+00:00","dateModified":"2026-04-07T12:38:51+00:00","description":"Knjiga Sebi, Dean Peli\u0107, nastavak bestsellera Njegova strana pri\u010de Tebi. Kupi knjigu ovdje. Dostava za cijeli svijet.","breadcrumb":{"@id":"https:\/\/deanpelic.com\/product\/sebi\/#breadcrumb"},"inLanguage":"hr","potentialAction":[{"@type":"ReadAction","target":["https:\/\/deanpelic.com\/product\/sebi\/"]}]},{"@type":"ImageObject","inLanguage":"hr","@id":"https:\/\/deanpelic.com\/product\/sebi\/#primaryimage","url":"https:\/\/deanpelic.com\/wp-content\/uploads\/Sebi.jpg","contentUrl":"https:\/\/deanpelic.com\/wp-content\/uploads\/Sebi.jpg","width":600,"height":925,"caption":"Dean Peli\u0107 Sebi"},{"@type":"BreadcrumbList","@id":"https:\/\/deanpelic.com\/product\/sebi\/#breadcrumb","itemListElement":[{"@type":"ListItem","position":1,"name":"Home","item":"https:\/\/deanpelic.com\/"},{"@type":"ListItem","position":2,"name":"Shop","item":"https:\/\/deanpelic.com\/shop\/"},{"@type":"ListItem","position":3,"name":"Sebi"}]},{"@type":"WebSite","@id":"https:\/\/deanpelic.com\/#website","url":"https:\/\/deanpelic.com\/","name":"Dean Peli\u0107 - Official Site","description":"Official Site","potentialAction":[{"@type":"SearchAction","target":{"@type":"EntryPoint","urlTemplate":"https:\/\/deanpelic.com\/?s={search_term_string}"},"query-input":{"@type":"PropertyValueSpecification","valueRequired":true,"valueName":"search_term_string"}}],"inLanguage":"hr"}]}},"jetpack_sharing_enabled":true,"_links":{"self":[{"href":"https:\/\/deanpelic.com\/hr\/wp-json\/wp\/v2\/product\/7546","targetHints":{"allow":["GET"]}}],"collection":[{"href":"https:\/\/deanpelic.com\/hr\/wp-json\/wp\/v2\/product"}],"about":[{"href":"https:\/\/deanpelic.com\/hr\/wp-json\/wp\/v2\/types\/product"}],"wp:featuredmedia":[{"embeddable":true,"href":"https:\/\/deanpelic.com\/hr\/wp-json\/wp\/v2\/media\/50898"}],"wp:attachment":[{"href":"https:\/\/deanpelic.com\/hr\/wp-json\/wp\/v2\/media?parent=7546"}],"wp:term":[{"taxonomy":"product_brand","embeddable":true,"href":"https:\/\/deanpelic.com\/hr\/wp-json\/wp\/v2\/product_brand?post=7546"},{"taxonomy":"product_cat","embeddable":true,"href":"https:\/\/deanpelic.com\/hr\/wp-json\/wp\/v2\/product_cat?post=7546"},{"taxonomy":"product_tag","embeddable":true,"href":"https:\/\/deanpelic.com\/hr\/wp-json\/wp\/v2\/product_tag?post=7546"}],"curies":[{"name":"wp","href":"https:\/\/api.w.org\/{rel}","templated":true}]}}