{"id":7547,"date":"2019-11-22T21:09:50","date_gmt":"2019-11-22T20:09:50","guid":{"rendered":"https:\/\/deanpelic.com\/?post_type=product&#038;p=7547"},"modified":"2023-04-15T21:23:31","modified_gmt":"2023-04-15T19:23:31","slug":"to-you-his-side-of-the-story-kindle","status":"publish","type":"product","link":"https:\/\/deanpelic.com\/hr\/proizvod\/to-you-his-side-of-the-story-kindle\/","title":{"rendered":"To You: His side of the story (Kindle)"},"content":{"rendered":"<p><span style=\"font-size: 12pt;\"><em><strong>*Kindle edition Available on all Amazon sites worldwide. Paperback <span style=\"text-decoration: underline;\"><a href=\"https:\/\/deanpelic.com\/hr\/proizvod\/to-you-his-side-of-the-story\/\" rel=\"noopener\">here<\/a><\/span>.<\/strong><\/em><\/span><\/p>\n<p><em>Book in English.<\/em><\/p>\n<p><span style=\"text-decoration: underline;\"><a href=\"https:\/\/www.amazon.co.uk\/You-His-side-story-ebook\/dp\/B08W1FKW58\/ref=sr_1_1?dchild=1&amp;keywords=dean+peli\u0107&amp;qid=1620298515&amp;sr=8-1\" target=\"_blank\" rel=\"noopener noreferrer\">Amazon UK<\/a><\/span><\/p>\n<p><span style=\"text-decoration: underline;\"><a href=\"https:\/\/www.amazon.de\/-\/en\/Dean-Peli\u0107-ebook\/dp\/B08W1FKW58\/ref=sr_1_1?dchild=1&amp;keywords=dean%20pelic&amp;qid=1613332487&amp;sr=8-1\" target=\"_blank\" rel=\"noopener noreferrer\">Amazon DE<\/a><\/span><\/p>\n<p><span style=\"text-decoration: underline;\"><a href=\"https:\/\/www.amazon.it\/You-His-side-story-English-ebook\/dp\/B08W1FKW58\/ref=sr_1_1?__mk_it_IT=\u00c5M\u00c5\u017d\u00d5\u00d1&amp;dchild=1&amp;keywords=dean+pelic&amp;qid=1613334071&amp;sr=8-1\" target=\"_blank\" rel=\"noopener noreferrer\">Amazon IT<\/a><\/span><\/p>\n<p><span style=\"text-decoration: underline;\"><a href=\"https:\/\/www.amazon.es\/You-His-side-story-English-ebook\/dp\/B08W1FKW58\/ref=sr_1_1?__mk_es_ES=\u00c5M\u00c5\u017d\u00d5\u00d1&amp;dchild=1&amp;keywords=dean+pelic&amp;qid=1613334062&amp;sr=8-1\" target=\"_blank\" rel=\"noopener noreferrer\">Amazon ES<\/a><\/span><\/p>\n<p><span style=\"text-decoration: underline;\"><a href=\"https:\/\/www.amazon.in\/-\/hi\/Dean-Peli\u0107-ebook\/dp\/B08W1FKW58\/ref=sr_1_1?dchild=1&amp;keywords=dean+pelic&amp;qid=1613334235&amp;sr=8-1\" target=\"_blank\" rel=\"noopener noreferrer\">Amazon IN<\/a><\/span><\/p>\n<p><span style=\"text-decoration: underline;\"><a href=\"https:\/\/www.amazon.co.jp\/You-His-side-story-English-ebook\/dp\/B08W1FKW58\/ref=sr_1_1?__mk_ja_JP=\u30ab\u30bf\u30ab\u30ca&amp;dchild=1&amp;keywords=dean+pelic&amp;qid=1613334204&amp;sr=8-1\" target=\"_blank\" rel=\"noopener noreferrer\">Amazon JP<\/a><\/span><\/p>\n<p><span style=\"text-decoration: underline;\"><a href=\"https:\/\/www.amazon.com.br\/You-His-side-story-English-ebook\/dp\/B08W1FKW58\/ref=sr_1_1?__mk_pt_BR=\u00c5M\u00c5\u017d\u00d5\u00d1&amp;dchild=1&amp;keywords=dean+pelic&amp;qid=1613334031&amp;sr=8-1\" target=\"_blank\" rel=\"noopener noreferrer\">Amazon BR<\/a><\/span><\/p>\n<p style=\"text-align: justify;\"><strong>\u201cI wish I read this book before I got into my relationship\u201d<\/strong> &#8211; was one of the many stellar reviews this book received when it was first released on the Croatian market. Shortly after, it was proclaimed a bestseller.<\/p>\n<p style=\"text-align: justify;\"><strong>\u201cDo guys like this really exist?\u201d<\/strong> The answer to this and many other related questions can be found by immersing yourself in \u201cHis Side of the Story: To You\u201d, written from a male point of view that isn\u2019t afraid to show his emotions. <strong>Honest, raw and real<\/strong>; this is what it looks like when a man really loves a woman.<\/p>\n<p style=\"text-align: justify;\">Word by word, with so <strong>many noteworthy advices and eye opening stories<\/strong>, this is a book you\u2019ll be coming back to often, just as tens of thousands of women already have. <strong>Save yourself from heartbreak, tears, and not being loved the way you deserve to be loved. Before you allow yourself to fall in love again, read \u201cHis Side of the Story\u201d.<\/strong> It\u2019s here for you. It\u2019s written \u201cTo You\u201d!<\/p>\n<p style=\"text-align: justify;\">What started out as a weekly column on one of the most popular daily news magazines in Croatia, quickly became one of the best selling books last year in just a few days after it\u2019s release. For two years, Dean was writing a popular column called \u201cHis Side Of The Story\u201d in which he was writing about his life, his career, but mostly about relationships, love and similar subjects. The column proved to be very popular among the readers. The numbers were showing tens of thousands of \u00a0readers every week. After it\u2019s successful two years, Dean decided to finish the column the best way he could; the way that he knew that the readers wanted him to \u2013 with a book release of their favorite columns.<\/p>\n<p style=\"text-align: justify;\">\u201cTo You: His side of the story\u201d was released in Croatia on the <span class=\"aBn\" tabindex=\"0\" data-term=\"goog_388754395\"><span class=\"aQJ\">9th of November<\/span><\/span> in 2015 and in the first few days of pre-order it broke the record previously held by the highly acclaimed book Grey. The first week of the book release secured the book\u2019s No.1 spot of the best selling books and it stayed there for more than a month. After few weeks in the Top 10, it came back to the No.1 spot again this January, in 2016. The highly anticipated book signing was held a few days after it\u2019s release and brought together hundreds of fans waiting in line to get their book signed. \u201cTo You: His side of the story\u201d amazed the readers countrywide. Mostly women as Dean was often referring to them in his columns.<\/p>\n<p style=\"text-align: justify;\">His stories give hope, his way of thinking makes you think, his look on love shows that true gentlemen still exist. Today, only a few months after it\u2019s original release, the second edition of the book is in plans. Along with an English translation. \u201cTo You: His side of story\u201d goes with a tagline, one of the Dean\u2019s well known quotes that says: \u201c<strong>Fall in love with a soul. A body is something anyone can have<\/strong>\u201d. Second edition of the book, released in 2017., broke previously made record in pre-order by selling more than 700 copies in just 24 hours. In 2018. it was announced that more than 10 000 copies of the book has been sold.<\/p>","protected":false},"excerpt":{"rendered":"<p style=\"text-align: justify;\">\u201c<strong>Fall in love with a soul. A body is something anyone can have<\/strong>\u201d.<\/p>\n<p style=\"text-align: justify;\">Word by word, with so <strong>many noteworthy advices and eye opening stories<\/strong>, this is a book you\u2019ll be coming back to often, just as tens of thousands of women already have.<\/p>\n<p style=\"text-align: justify;\"><strong>Save yourself from heartbreak, tears, and not being loved the way you deserve to be loved. Before you allow yourself to fall in love again, read \u201cHis Side of the Story\u201d.<\/strong> It\u2019s here for you. It\u2019s written \u201cTo You\u201d!<\/p>","protected":false},"featured_media":50900,"template":"","meta":[],"product_brand":[],"product_cat":[411],"product_tag":[],"class_list":{"0":"post-7547","1":"product","2":"type-product","3":"status-publish","4":"has-post-thumbnail","6":"product_cat-books","8":"first","9":"instock","10":"product-type-external"},"yoast_head":"<!-- This site is optimized with the Yoast SEO plugin v26.2 - https:\/\/yoast.com\/wordpress\/plugins\/seo\/ -->\n<title>To You: His side of the story (Kindle) - Dean Pelic<\/title>\n<meta name=\"description\" content=\"To You: His side of the story (Kindle). Book by Dean Pelic. Get your copy here.\" \/>\n<meta name=\"robots\" content=\"index, follow, max-snippet:-1, max-image-preview:large, max-video-preview:-1\" \/>\n<link rel=\"canonical\" href=\"https:\/\/deanpelic.com\/hr\/proizvod\/to-you-his-side-of-the-story-kindle\/\" \/>\n<meta property=\"og:locale\" content=\"hr_HR\" \/>\n<meta property=\"og:type\" content=\"article\" \/>\n<meta property=\"og:title\" content=\"To You: His side of the story (Kindle) - Dean Pelic\" \/>\n<meta property=\"og:description\" content=\"To You: His side of the story (Kindle). Book by Dean Pelic. Get your copy here.\" \/>\n<meta property=\"og:url\" content=\"https:\/\/deanpelic.com\/hr\/proizvod\/to-you-his-side-of-the-story-kindle\/\" \/>\n<meta property=\"og:site_name\" content=\"Dean Pelic\" \/>\n<meta property=\"article:publisher\" content=\"http:\/\/www.facebook.com\/DeanPelic\" \/>\n<meta property=\"article:modified_time\" content=\"2023-04-15T19:23:31+00:00\" \/>\n<meta property=\"og:image\" content=\"https:\/\/deanpelic.com\/wp-content\/uploads\/ToYou.jpg\" \/>\n\t<meta property=\"og:image:width\" content=\"600\" \/>\n\t<meta property=\"og:image:height\" content=\"925\" \/>\n\t<meta property=\"og:image:type\" content=\"image\/jpeg\" \/>\n<meta name=\"twitter:card\" content=\"summary_large_image\" \/>\n<meta name=\"twitter:site\" content=\"@DeanPelic\" \/>\n<meta name=\"twitter:label1\" content=\"Procijenjeno vrijeme \u010ditanja\" \/>\n\t<meta name=\"twitter:data1\" content=\"3 minute\" \/>\n<script type=\"application\/ld+json\" class=\"yoast-schema-graph\">{\"@context\":\"https:\/\/schema.org\",\"@graph\":[{\"@type\":\"WebPage\",\"@id\":\"https:\/\/deanpelic.com\/product\/to-you-his-side-of-the-story-kindle\/\",\"url\":\"https:\/\/deanpelic.com\/product\/to-you-his-side-of-the-story-kindle\/\",\"name\":\"To You: His side of the story (Kindle) - Dean Pelic\",\"isPartOf\":{\"@id\":\"https:\/\/deanpelic.com\/#website\"},\"primaryImageOfPage\":{\"@id\":\"https:\/\/deanpelic.com\/product\/to-you-his-side-of-the-story-kindle\/#primaryimage\"},\"image\":{\"@id\":\"https:\/\/deanpelic.com\/product\/to-you-his-side-of-the-story-kindle\/#primaryimage\"},\"thumbnailUrl\":\"https:\/\/deanpelic.com\/wp-content\/uploads\/ToYou.jpg\",\"datePublished\":\"2019-11-22T20:09:50+00:00\",\"dateModified\":\"2023-04-15T19:23:31+00:00\",\"description\":\"To You: His side of the story (Kindle). Book by Dean Pelic. Get your copy here.\",\"breadcrumb\":{\"@id\":\"https:\/\/deanpelic.com\/product\/to-you-his-side-of-the-story-kindle\/#breadcrumb\"},\"inLanguage\":\"hr\",\"potentialAction\":[{\"@type\":\"ReadAction\",\"target\":[\"https:\/\/deanpelic.com\/product\/to-you-his-side-of-the-story-kindle\/\"]}]},{\"@type\":\"ImageObject\",\"inLanguage\":\"hr\",\"@id\":\"https:\/\/deanpelic.com\/product\/to-you-his-side-of-the-story-kindle\/#primaryimage\",\"url\":\"https:\/\/deanpelic.com\/wp-content\/uploads\/ToYou.jpg\",\"contentUrl\":\"https:\/\/deanpelic.com\/wp-content\/uploads\/ToYou.jpg\",\"width\":600,\"height\":925,\"caption\":\"Dean Pelic To You\"},{\"@type\":\"BreadcrumbList\",\"@id\":\"https:\/\/deanpelic.com\/product\/to-you-his-side-of-the-story-kindle\/#breadcrumb\",\"itemListElement\":[{\"@type\":\"ListItem\",\"position\":1,\"name\":\"Home\",\"item\":\"https:\/\/deanpelic.com\/\"},{\"@type\":\"ListItem\",\"position\":2,\"name\":\"Shop\",\"item\":\"https:\/\/deanpelic.com\/shop\/\"},{\"@type\":\"ListItem\",\"position\":3,\"name\":\"To You: His side of the story (Kindle)\"}]},{\"@type\":\"WebSite\",\"@id\":\"https:\/\/deanpelic.com\/#website\",\"url\":\"https:\/\/deanpelic.com\/\",\"name\":\"Dean Peli\u0107 - Official Site\",\"description\":\"Official Site\",\"potentialAction\":[{\"@type\":\"SearchAction\",\"target\":{\"@type\":\"EntryPoint\",\"urlTemplate\":\"https:\/\/deanpelic.com\/?s={search_term_string}\"},\"query-input\":{\"@type\":\"PropertyValueSpecification\",\"valueRequired\":true,\"valueName\":\"search_term_string\"}}],\"inLanguage\":\"hr\"}]}<\/script>\n<!-- \/ Yoast SEO plugin. -->","yoast_head_json":{"title":"To You: His side of the story (Kindle) - Dean Pelic","description":"To You: His side of the story (Kindle). Book by Dean Pelic. Get your copy here.","robots":{"index":"index","follow":"follow","max-snippet":"max-snippet:-1","max-image-preview":"max-image-preview:large","max-video-preview":"max-video-preview:-1"},"canonical":"https:\/\/deanpelic.com\/hr\/proizvod\/to-you-his-side-of-the-story-kindle\/","og_locale":"hr_HR","og_type":"article","og_title":"To You: His side of the story (Kindle) - Dean Pelic","og_description":"To You: His side of the story (Kindle). Book by Dean Pelic. Get your copy here.","og_url":"https:\/\/deanpelic.com\/hr\/proizvod\/to-you-his-side-of-the-story-kindle\/","og_site_name":"Dean Pelic","article_publisher":"http:\/\/www.facebook.com\/DeanPelic","article_modified_time":"2023-04-15T19:23:31+00:00","og_image":[{"width":600,"height":925,"url":"https:\/\/deanpelic.com\/wp-content\/uploads\/ToYou.jpg","type":"image\/jpeg"}],"twitter_card":"summary_large_image","twitter_site":"@DeanPelic","twitter_misc":{"Procijenjeno vrijeme \u010ditanja":"3 minute"},"schema":{"@context":"https:\/\/schema.org","@graph":[{"@type":"WebPage","@id":"https:\/\/deanpelic.com\/product\/to-you-his-side-of-the-story-kindle\/","url":"https:\/\/deanpelic.com\/product\/to-you-his-side-of-the-story-kindle\/","name":"To You: His side of the story (Kindle) - Dean Pelic","isPartOf":{"@id":"https:\/\/deanpelic.com\/#website"},"primaryImageOfPage":{"@id":"https:\/\/deanpelic.com\/product\/to-you-his-side-of-the-story-kindle\/#primaryimage"},"image":{"@id":"https:\/\/deanpelic.com\/product\/to-you-his-side-of-the-story-kindle\/#primaryimage"},"thumbnailUrl":"https:\/\/deanpelic.com\/wp-content\/uploads\/ToYou.jpg","datePublished":"2019-11-22T20:09:50+00:00","dateModified":"2023-04-15T19:23:31+00:00","description":"To You: His side of the story (Kindle). Book by Dean Pelic. Get your copy here.","breadcrumb":{"@id":"https:\/\/deanpelic.com\/product\/to-you-his-side-of-the-story-kindle\/#breadcrumb"},"inLanguage":"hr","potentialAction":[{"@type":"ReadAction","target":["https:\/\/deanpelic.com\/product\/to-you-his-side-of-the-story-kindle\/"]}]},{"@type":"ImageObject","inLanguage":"hr","@id":"https:\/\/deanpelic.com\/product\/to-you-his-side-of-the-story-kindle\/#primaryimage","url":"https:\/\/deanpelic.com\/wp-content\/uploads\/ToYou.jpg","contentUrl":"https:\/\/deanpelic.com\/wp-content\/uploads\/ToYou.jpg","width":600,"height":925,"caption":"Dean Pelic To You"},{"@type":"BreadcrumbList","@id":"https:\/\/deanpelic.com\/product\/to-you-his-side-of-the-story-kindle\/#breadcrumb","itemListElement":[{"@type":"ListItem","position":1,"name":"Home","item":"https:\/\/deanpelic.com\/"},{"@type":"ListItem","position":2,"name":"Shop","item":"https:\/\/deanpelic.com\/shop\/"},{"@type":"ListItem","position":3,"name":"To You: His side of the story (Kindle)"}]},{"@type":"WebSite","@id":"https:\/\/deanpelic.com\/#website","url":"https:\/\/deanpelic.com\/","name":"Dean Peli\u0107 - Official Site","description":"Official Site","potentialAction":[{"@type":"SearchAction","target":{"@type":"EntryPoint","urlTemplate":"https:\/\/deanpelic.com\/?s={search_term_string}"},"query-input":{"@type":"PropertyValueSpecification","valueRequired":true,"valueName":"search_term_string"}}],"inLanguage":"hr"}]}},"jetpack_sharing_enabled":true,"_links":{"self":[{"href":"https:\/\/deanpelic.com\/hr\/wp-json\/wp\/v2\/product\/7547","targetHints":{"allow":["GET"]}}],"collection":[{"href":"https:\/\/deanpelic.com\/hr\/wp-json\/wp\/v2\/product"}],"about":[{"href":"https:\/\/deanpelic.com\/hr\/wp-json\/wp\/v2\/types\/product"}],"wp:featuredmedia":[{"embeddable":true,"href":"https:\/\/deanpelic.com\/hr\/wp-json\/wp\/v2\/media\/50900"}],"wp:attachment":[{"href":"https:\/\/deanpelic.com\/hr\/wp-json\/wp\/v2\/media?parent=7547"}],"wp:term":[{"taxonomy":"product_brand","embeddable":true,"href":"https:\/\/deanpelic.com\/hr\/wp-json\/wp\/v2\/product_brand?post=7547"},{"taxonomy":"product_cat","embeddable":true,"href":"https:\/\/deanpelic.com\/hr\/wp-json\/wp\/v2\/product_cat?post=7547"},{"taxonomy":"product_tag","embeddable":true,"href":"https:\/\/deanpelic.com\/hr\/wp-json\/wp\/v2\/product_tag?post=7547"}],"curies":[{"name":"wp","href":"https:\/\/api.w.org\/{rel}","templated":true}]}}